{"id":1663,"date":"2017-01-12T18:45:17","date_gmt":"2017-01-12T18:45:17","guid":{"rendered":"http:\/\/miamipowerteam.org\/?page_id=1663\/"},"modified":"2018-01-03T00:22:51","modified_gmt":"2018-01-03T00:22:51","slug":"actividades","status":"publish","type":"page","link":"http:\/\/miamipowerteam.org\/es\/actividades\/","title":{"rendered":"Eventos y Actividades"},"content":{"rendered":"<p>[et_pb_section fb_built=&#8221;1&#8243; background_color=&#8221;#00abe8&#8243; custom_padding=&#8221;99px|0px|0px|0px&#8221; padding_mobile=&#8221;off&#8221; admin_label=&#8221;section&#8221;][et_pb_row custom_padding=&#8221;0px|0px|25px|0px&#8221; padding_mobile=&#8221;off&#8221; column_padding_mobile=&#8221;on&#8221; admin_label=&#8221;row&#8221;][et_pb_column type=&#8221;3_4&#8243; parallax=&#8221;off&#8221; parallax_method=&#8221;on&#8221; column_padding_mobile=&#8221;on&#8221;][et_pb_text background_layout=&#8221;dark&#8221; admin_label=&#8221;Heading&#8221; header_font=&#8221;|on|||&#8221; header_font_size=&#8221;60px&#8221;]<\/p>\n<h1>Eventos &#038; Actividades<\/h1>\n<p>[\/et_pb_text][\/et_pb_column][et_pb_column type=&#8221;1_4&#8243; parallax=&#8221;off&#8221; parallax_method=&#8221;on&#8221; column_padding_mobile=&#8221;on&#8221;][et_pb_button button_url=&#8221;https:\/\/www.paypal.com\/cgi-bin\/webscr?cmd=_s-xclick&#038;hosted_button_id=4DKDY7TL9QHM6&#8243; url_new_window=&#8221;on&#8221; button_text=&#8221;\u00a1Ay\u00fadanos!&#8221; button_alignment=&#8221;center&#8221; background_layout=&#8221;dark&#8221; admin_label=&#8221;Ay\u00fadanos!&#8221; custom_button=&#8221;on&#8221; button_text_size=&#8221;18&#8243; button_bg_color=&#8221;#b92009&#8243; button_border_width=&#8221;0&#8243; button_font=&#8221;|on||on|&#8221; button_use_icon=&#8221;off&#8221; custom_css_main_element=&#8221;margin-top: 12px;&#8221; saved_tabs=&#8221;all&#8221; background_color=&#8221;#7EBEC5&#8243;] [\/et_pb_button][\/et_pb_column][\/et_pb_row][\/et_pb_section][et_pb_section fb_built=&#8221;1&#8243; background_color=&#8221;#fff0d6&#8243; custom_padding=&#8221;54px|0px|0px|0px&#8221; admin_label=&#8221;section&#8221;][et_pb_row custom_padding=&#8221;27px|0px|0px|0px&#8221; padding_mobile=&#8221;off&#8221; column_padding_mobile=&#8221;on&#8221; admin_label=&#8221;row&#8221;][et_pb_column type=&#8221;4_4&#8243; parallax=&#8221;off&#8221; parallax_method=&#8221;on&#8221; column_padding_mobile=&#8221;on&#8221;][et_pb_text admin_label=&#8221;Text&#8221;]<\/p>\n<h2><strong>Dedicamos nuestras vidas a traer sonrisas a nuestros ni\u00f1os.<\/strong><\/h2>\n<p>En la Fundaci\u00f3n Miami Power Team nos encargamos de organizar eventos mensuales donde nuestros ni\u00f1os cumplen sus sue\u00f1os. Estos eventos mensuales y otras ocasiones especiales son coordinados mediante la ayuda y el apoyo invaluable de nuestros \u00c1ngeles Guardianes. <a href=\"..\/involucrate\/\">Click aqu\u00ed para leer sobre c\u00f3mo puedes involucrarte<\/a> con nosotros.<\/p>\n<p>[\/et_pb_text][\/et_pb_column][\/et_pb_row][et_pb_row custom_padding=&#8221;40px|0px|0px|0px&#8221; custom_margin=&#8221;40px|||&#8221; column_padding_mobile=&#8221;on&#8221; admin_label=&#8221;row&#8221; custom_css_main_element=&#8221;border-top: 2px solid #00abe8;&#8221;][et_pb_column type=&#8221;4_4&#8243; parallax=&#8221;off&#8221; parallax_method=&#8221;on&#8221; column_padding_mobile=&#8221;on&#8221;][et_pb_blog posts_number=&#8221;10&#8243; include_categories=&#8221;21&#8243; show_thumbnail=&#8221;off&#8221; show_more=&#8221;on&#8221; show_author=&#8221;off&#8221; show_date=&#8221;off&#8221; show_categories=&#8221;off&#8221; show_pagination=&#8221;off&#8221; offset_number=&#8221;0&#8243; admin_label=&#8221;Blog&#8221; header_font=&#8221;|on||on|&#8221; header_text_color=&#8221;#00abe8&#8243; custom_css_title=&#8221;margin-top: 0px;&#8221; custom_css_read_more=&#8221;font-weight: bold;||text-align: center;||text-transform: capitalize;||margin: 25px 0;||border: 2px solid #00abe8;||padding: 10px;||width: 120px;||display: block;&#8221;] [\/et_pb_blog][\/et_pb_column][\/et_pb_row][\/et_pb_section][et_pb_section fb_built=&#8221;1&#8243; background_color=&#8221;#000000&#8243; inner_shadow=&#8221;on&#8221; custom_padding=&#8221;0px|0px|41.59375px|0px&#8221; custom_padding_phone=&#8221;61px|0px|50px|0px&#8221; padding_mobile=&#8221;off&#8221; admin_label=&#8221;Section&#8221; module_class=&#8221;activities&#8221;][et_pb_row make_fullwidth=&#8221;on&#8221; use_custom_gutter=&#8221;on&#8221; gutter_width=&#8221;1&#8243; custom_padding=&#8221;0px|0px|0px|0px&#8221; custom_padding_phone=&#8221;0px|0px|0px|0px&#8221; padding_mobile=&#8221;off&#8221; column_padding_mobile=&#8221;on&#8221; parallax_method_1=&#8221;off&#8221; admin_label=&#8221;Row&#8221;][et_pb_column type=&#8221;4_4&#8243; parallax=&#8221;off&#8221; parallax_method=&#8221;off&#8221; column_padding_mobile=&#8221;on&#8221;][et_pb_image src=&#8221;http:\/\/miamipowerteam.org\/wp-content\/uploads\/2016\/10\/mpt_volunteers_prompt.jpg&#8221; animation=&#8221;off&#8221; force_fullwidth=&#8221;on&#8221; admin_label=&#8221;Image&#8221;][\/et_pb_image][et_pb_text background_layout=&#8221;dark&#8221; text_orientation=&#8221;center&#8221; admin_label=&#8221;Invol\u00facrate Hoy&#8221; header_font=&#8221;|on|||&#8221;]<\/p>\n<h1>Invol\u00facrate\u00a0Hoy<\/h1>\n<p>[\/et_pb_text][\/et_pb_column][\/et_pb_row][et_pb_row custom_padding_phone=&#8221;0px|0px|0px|0px&#8221; padding_mobile=&#8221;off&#8221; column_padding_mobile=&#8221;on&#8221; admin_label=&#8221;Row&#8221;][et_pb_column type=&#8221;4_4&#8243; parallax=&#8221;off&#8221; parallax_method=&#8221;on&#8221; column_padding_mobile=&#8221;on&#8221;][et_pb_cta title=&#8221;Convi\u00e9rtete en un \u00c1ngel Guardi\u00e1n, y ay\u00fadanos a alegrar las vidas de los ni\u00f1os del Miami Power Team.&#8221; button_url=&#8221;http:\/\/miamipowerteam.org\/get-involved\/&#8221; button_text=&#8221;C\u00f3mo Involucrarse&#8221; use_background_color=&#8221;off&#8221; admin_label=&#8221;C\u00f3mo Involucrarse&#8221; header_font_size=&#8221;35px&#8221; custom_button=&#8221;on&#8221; button_font=&#8221;|on||on|&#8221; button_use_icon=&#8221;off&#8221;][\/et_pb_cta][\/et_pb_column][\/et_pb_row][\/et_pb_section]<\/p>\n","protected":false},"excerpt":{"rendered":"<p>Eventos &#038; Actividades Dedicamos nuestras vidas a traer sonrisas a nuestros ni\u00f1os. En la Fundaci\u00f3n Miami Power Team nos encargamos de organizar eventos mensuales donde nuestros ni\u00f1os cumplen sus sue\u00f1os. Estos eventos mensuales y otras ocasiones especiales son coordinados mediante la ayuda y el apoyo invaluable de nuestros \u00c1ngeles Guardianes. Click aqu\u00ed para leer sobre [&hellip;]<\/p>\n","protected":false},"author":1,"featured_media":0,"parent":0,"menu_order":0,"comment_status":"closed","ping_status":"closed","template":"","meta":{"_et_pb_use_builder":"on","_et_pb_old_content":"","_et_gb_content_width":"","footnotes":""},"class_list":["post-1663","page","type-page","status-publish","hentry"],"yoast_head":"<!-- This site is optimized with the Yoast SEO plugin v27.2 - https:\/\/yoast.com\/product\/yoast-seo-wordpress\/ -->\n<title>Eventos y Actividades ~ Fundaci\u00f3n Miami Power Team<\/title>\n<meta name=\"robots\" content=\"index, follow, max-snippet:-1, max-image-preview:large, max-video-preview:-1\" \/>\n<link rel=\"canonical\" href=\"http:\/\/miamipowerteam.org\/es\/actividades\/\" \/>\n<meta property=\"og:locale\" content=\"es_ES\" \/>\n<meta property=\"og:type\" content=\"article\" \/>\n<meta property=\"og:title\" content=\"Eventos y Actividades ~ Fundaci\u00f3n Miami Power Team\" \/>\n<meta property=\"og:description\" content=\"Eventos &amp; Actividades Dedicamos nuestras vidas a traer sonrisas a nuestros ni\u00f1os. En la Fundaci\u00f3n Miami Power Team nos encargamos de organizar eventos mensuales donde nuestros ni\u00f1os cumplen sus sue\u00f1os. Estos eventos mensuales y otras ocasiones especiales son coordinados mediante la ayuda y el apoyo invaluable de nuestros \u00c1ngeles Guardianes. Click aqu\u00ed para leer sobre [&hellip;]\" \/>\n<meta property=\"og:url\" content=\"http:\/\/miamipowerteam.org\/es\/actividades\/\" \/>\n<meta property=\"og:site_name\" content=\"Fundaci\u00f3n Miami Power Team\" \/>\n<meta property=\"article:publisher\" content=\"https:\/\/www.facebook.com\/MiamiPowerTeamFoundation\/\" \/>\n<meta property=\"article:modified_time\" content=\"2018-01-03T00:22:51+00:00\" \/>\n<meta name=\"twitter:card\" content=\"summary_large_image\" \/>\n<meta name=\"twitter:label1\" content=\"Est. reading time\" \/>\n\t<meta name=\"twitter:data1\" content=\"3 minutes\" \/>\n<script type=\"application\/ld+json\" class=\"yoast-schema-graph\">{\"@context\":\"https:\/\/schema.org\",\"@graph\":[{\"@type\":\"WebPage\",\"@id\":\"http:\/\/miamipowerteam.org\/es\/actividades\/\",\"url\":\"http:\/\/miamipowerteam.org\/es\/actividades\/\",\"name\":\"Eventos y Actividades ~ Fundaci\u00f3n Miami Power Team\",\"isPartOf\":{\"@id\":\"https:\/\/miamipowerteam.org\/#website\"},\"datePublished\":\"2017-01-12T18:45:17+00:00\",\"dateModified\":\"2018-01-03T00:22:51+00:00\",\"breadcrumb\":{\"@id\":\"http:\/\/miamipowerteam.org\/es\/actividades\/#breadcrumb\"},\"inLanguage\":\"es-ES\",\"potentialAction\":[{\"@type\":\"ReadAction\",\"target\":[\"http:\/\/miamipowerteam.org\/es\/actividades\/\"]}]},{\"@type\":\"BreadcrumbList\",\"@id\":\"http:\/\/miamipowerteam.org\/es\/actividades\/#breadcrumb\",\"itemListElement\":[{\"@type\":\"ListItem\",\"position\":1,\"name\":\"Home\",\"item\":\"http:\/\/miamipowerteam.org\/es\/\"},{\"@type\":\"ListItem\",\"position\":2,\"name\":\"Eventos y Actividades\"}]},{\"@type\":\"WebSite\",\"@id\":\"https:\/\/miamipowerteam.org\/#website\",\"url\":\"https:\/\/miamipowerteam.org\/\",\"name\":\"Fundaci\u00f3n Miami Power Team\",\"description\":\"Trayendo Esperanzas, Sonrisas, y Sue\u00f1os.\",\"publisher\":{\"@id\":\"https:\/\/miamipowerteam.org\/#organization\"},\"potentialAction\":[{\"@type\":\"SearchAction\",\"target\":{\"@type\":\"EntryPoint\",\"urlTemplate\":\"https:\/\/miamipowerteam.org\/?s={search_term_string}\"},\"query-input\":{\"@type\":\"PropertyValueSpecification\",\"valueRequired\":true,\"valueName\":\"search_term_string\"}}],\"inLanguage\":\"es-ES\"},{\"@type\":\"Organization\",\"@id\":\"https:\/\/miamipowerteam.org\/#organization\",\"name\":\"Miami Power Team Foundation\",\"url\":\"https:\/\/miamipowerteam.org\/\",\"logo\":{\"@type\":\"ImageObject\",\"inLanguage\":\"es-ES\",\"@id\":\"https:\/\/miamipowerteam.org\/#\/schema\/logo\/image\/\",\"url\":\"http:\/\/miamipowerteam.org\/wp-content\/uploads\/2016\/10\/web_logo.jpg\",\"contentUrl\":\"http:\/\/miamipowerteam.org\/wp-content\/uploads\/2016\/10\/web_logo.jpg\",\"width\":488,\"height\":533,\"caption\":\"Miami Power Team Foundation\"},\"image\":{\"@id\":\"https:\/\/miamipowerteam.org\/#\/schema\/logo\/image\/\"},\"sameAs\":[\"https:\/\/www.facebook.com\/MiamiPowerTeamFoundation\/\",\"https:\/\/www.instagram.com\/miamipowerteamfoundation\/\",\"https:\/\/www.youtube.com\/channel\/UC3mNK80FVxOwwMSeD7Ow1_w\"]}]}<\/script>\n<!-- \/ Yoast SEO plugin. -->","yoast_head_json":{"title":"Eventos y Actividades ~ Fundaci\u00f3n Miami Power Team","robots":{"index":"index","follow":"follow","max-snippet":"max-snippet:-1","max-image-preview":"max-image-preview:large","max-video-preview":"max-video-preview:-1"},"canonical":"http:\/\/miamipowerteam.org\/es\/actividades\/","og_locale":"es_ES","og_type":"article","og_title":"Eventos y Actividades ~ Fundaci\u00f3n Miami Power Team","og_description":"Eventos & Actividades Dedicamos nuestras vidas a traer sonrisas a nuestros ni\u00f1os. En la Fundaci\u00f3n Miami Power Team nos encargamos de organizar eventos mensuales donde nuestros ni\u00f1os cumplen sus sue\u00f1os. Estos eventos mensuales y otras ocasiones especiales son coordinados mediante la ayuda y el apoyo invaluable de nuestros \u00c1ngeles Guardianes. Click aqu\u00ed para leer sobre [&hellip;]","og_url":"http:\/\/miamipowerteam.org\/es\/actividades\/","og_site_name":"Fundaci\u00f3n Miami Power Team","article_publisher":"https:\/\/www.facebook.com\/MiamiPowerTeamFoundation\/","article_modified_time":"2018-01-03T00:22:51+00:00","twitter_card":"summary_large_image","twitter_misc":{"Est. reading time":"3 minutes"},"schema":{"@context":"https:\/\/schema.org","@graph":[{"@type":"WebPage","@id":"http:\/\/miamipowerteam.org\/es\/actividades\/","url":"http:\/\/miamipowerteam.org\/es\/actividades\/","name":"Eventos y Actividades ~ Fundaci\u00f3n Miami Power Team","isPartOf":{"@id":"https:\/\/miamipowerteam.org\/#website"},"datePublished":"2017-01-12T18:45:17+00:00","dateModified":"2018-01-03T00:22:51+00:00","breadcrumb":{"@id":"http:\/\/miamipowerteam.org\/es\/actividades\/#breadcrumb"},"inLanguage":"es-ES","potentialAction":[{"@type":"ReadAction","target":["http:\/\/miamipowerteam.org\/es\/actividades\/"]}]},{"@type":"BreadcrumbList","@id":"http:\/\/miamipowerteam.org\/es\/actividades\/#breadcrumb","itemListElement":[{"@type":"ListItem","position":1,"name":"Home","item":"http:\/\/miamipowerteam.org\/es\/"},{"@type":"ListItem","position":2,"name":"Eventos y Actividades"}]},{"@type":"WebSite","@id":"https:\/\/miamipowerteam.org\/#website","url":"https:\/\/miamipowerteam.org\/","name":"Fundaci\u00f3n Miami Power Team","description":"Trayendo Esperanzas, Sonrisas, y Sue\u00f1os.","publisher":{"@id":"https:\/\/miamipowerteam.org\/#organization"},"potentialAction":[{"@type":"SearchAction","target":{"@type":"EntryPoint","urlTemplate":"https:\/\/miamipowerteam.org\/?s={search_term_string}"},"query-input":{"@type":"PropertyValueSpecification","valueRequired":true,"valueName":"search_term_string"}}],"inLanguage":"es-ES"},{"@type":"Organization","@id":"https:\/\/miamipowerteam.org\/#organization","name":"Miami Power Team Foundation","url":"https:\/\/miamipowerteam.org\/","logo":{"@type":"ImageObject","inLanguage":"es-ES","@id":"https:\/\/miamipowerteam.org\/#\/schema\/logo\/image\/","url":"http:\/\/miamipowerteam.org\/wp-content\/uploads\/2016\/10\/web_logo.jpg","contentUrl":"http:\/\/miamipowerteam.org\/wp-content\/uploads\/2016\/10\/web_logo.jpg","width":488,"height":533,"caption":"Miami Power Team Foundation"},"image":{"@id":"https:\/\/miamipowerteam.org\/#\/schema\/logo\/image\/"},"sameAs":["https:\/\/www.facebook.com\/MiamiPowerTeamFoundation\/","https:\/\/www.instagram.com\/miamipowerteamfoundation\/","https:\/\/www.youtube.com\/channel\/UC3mNK80FVxOwwMSeD7Ow1_w"]}]}},"_links":{"self":[{"href":"http:\/\/miamipowerteam.org\/es\/wp-json\/wp\/v2\/pages\/1663","targetHints":{"allow":["GET"]}}],"collection":[{"href":"http:\/\/miamipowerteam.org\/es\/wp-json\/wp\/v2\/pages"}],"about":[{"href":"http:\/\/miamipowerteam.org\/es\/wp-json\/wp\/v2\/types\/page"}],"author":[{"embeddable":true,"href":"http:\/\/miamipowerteam.org\/es\/wp-json\/wp\/v2\/users\/1"}],"replies":[{"embeddable":true,"href":"http:\/\/miamipowerteam.org\/es\/wp-json\/wp\/v2\/comments?post=1663"}],"version-history":[{"count":8,"href":"http:\/\/miamipowerteam.org\/es\/wp-json\/wp\/v2\/pages\/1663\/revisions"}],"predecessor-version":[{"id":1853,"href":"http:\/\/miamipowerteam.org\/es\/wp-json\/wp\/v2\/pages\/1663\/revisions\/1853"}],"wp:attachment":[{"href":"http:\/\/miamipowerteam.org\/es\/wp-json\/wp\/v2\/media?parent=1663"}],"curies":[{"name":"wp","href":"https:\/\/api.w.org\/{rel}","templated":true}]}}