{"id":1487,"date":"2016-12-28T16:06:03","date_gmt":"2016-12-28T16:06:03","guid":{"rendered":"http:\/\/miamipowerteam.org\/?page_id=1487\/"},"modified":"2017-05-23T19:07:39","modified_gmt":"2017-05-23T19:07:39","slug":"proyectos","status":"publish","type":"page","link":"http:\/\/miamipowerteam.org\/es\/proyectos\/","title":{"rendered":"Nuestros Proyectos"},"content":{"rendered":"<p>[et_pb_section fb_built=&#8221;1&#8243; background_color=&#8221;#00abe8&#8243; custom_padding=&#8221;99px|0px|0px|0px&#8221; padding_mobile=&#8221;off&#8221; admin_label=&#8221;section&#8221;][et_pb_row custom_padding=&#8221;0px|0px|25px|0px&#8221; padding_mobile=&#8221;off&#8221; column_padding_mobile=&#8221;on&#8221; admin_label=&#8221;row&#8221;][et_pb_column type=&#8221;3_4&#8243; parallax=&#8221;off&#8221; parallax_method=&#8221;on&#8221; column_padding_mobile=&#8221;on&#8221;][et_pb_text background_layout=&#8221;dark&#8221; admin_label=&#8221;Heading&#8221; header_font=&#8221;|on|||&#8221; header_font_size=&#8221;60px&#8221;]<\/p>\n<h1>Nuestros Proyectos<\/h1>\n<p>[\/et_pb_text][\/et_pb_column][et_pb_column type=&#8221;1_4&#8243; parallax=&#8221;off&#8221; parallax_method=&#8221;on&#8221; column_padding_mobile=&#8221;on&#8221;][et_pb_button button_url=&#8221;https:\/\/www.paypal.com\/cgi-bin\/webscr?cmd=_s-xclick&#038;hosted_button_id=4DKDY7TL9QHM6&#8243; url_new_window=&#8221;on&#8221; button_text=&#8221;\u00a1Ay\u00fadanos!&#8221; button_alignment=&#8221;center&#8221; background_layout=&#8221;dark&#8221; admin_label=&#8221;Ay\u00fadanos!&#8221; custom_button=&#8221;on&#8221; button_text_size=&#8221;18&#8243; button_bg_color=&#8221;#b92009&#8243; button_border_width=&#8221;0&#8243; button_font=&#8221;|on||on|&#8221; button_use_icon=&#8221;off&#8221; custom_css_main_element=&#8221;margin-top: 12px;&#8221; saved_tabs=&#8221;all&#8221; background_color=&#8221;#7EBEC5&#8243;]<br \/>\n[\/et_pb_button][\/et_pb_column][\/et_pb_row][\/et_pb_section][et_pb_section fb_built=&#8221;1&#8243; background_color=&#8221;#fff0d6&#8243; custom_padding=&#8221;60px|0px|65px|0px&#8221; padding_mobile=&#8221;off&#8221; admin_label=&#8221;section&#8221; module_class=&#8221;mainbody&#8221;][et_pb_row custom_padding=&#8221;0px|0px|75px|0px&#8221; padding_mobile=&#8221;off&#8221; column_padding_mobile=&#8221;on&#8221; padding_top_1=&#8221; &#8221; padding_right_1=&#8221;2%&#8221; padding_bottom_1=&#8221; &#8221; padding_left_1=&#8221; &#8221; admin_label=&#8221;row&#8221;][et_pb_column type=&#8221;1_2&#8243; padding_bottom=&#8221; &#8221; padding_left=&#8221; &#8221; padding_right=&#8221;2%&#8221; padding_top=&#8221; &#8221; parallax=&#8221;off&#8221; parallax_method=&#8221;on&#8221; column_padding_mobile=&#8221;on&#8221;][et_pb_text admin_label=&#8221;Miami Power Team Center &#038; Garden&#8221;]<\/p>\n<h2><strong>Miami Power Team Center &#038; Garden<\/strong><\/h2>\n<p><a href=\"http:\/\/miamipowerteam.org\/es\/proyectos\/mpt-center\/\"><img loading=\"lazy\" decoding=\"async\" class=\"alignnone wp-image-844 size-medium\" src=\"http:\/\/miamipowerteam.org\/wp-content\/uploads\/2016\/11\/Center1-op-300x225.jpg\" width=\"300\" height=\"225\" \/><\/a><\/p>\n<p>Nos hemos propuesto recaudar fondos activamente con la meta de comprar un pedazo de tierra y construir nuestro <strong>Miami Power Team Center &#038; Garden<\/strong>. Este proyecto tiene como meta proveer a nuestros ni\u00f1os un espacio m\u00e1gico para realizar actividades que les permitan cumplir sus sue\u00f1os. Haz click m\u00e1s abajo para conocer m\u00e1s sobre el proyecto<\/p>\n<p>[\/et_pb_text][et_pb_button button_url=&#8221;http:\/\/miamipowerteam.org\/es\/proyectos\/mpt-center\/&#8221; button_text=&#8221;Leer M\u00e1s&#8221; button_alignment=&#8221;left&#8221; background_layout=&#8221;dark&#8221; admin_label=&#8221;Full Story Link&#8221; custom_button=&#8221;on&#8221; button_bg_color=&#8221;#00abe8&#8243; button_border_width=&#8221;0px&#8221; button_border_radius=&#8221;3px&#8221; button_font=&#8221;|on|||&#8221; button_use_icon=&#8221;off&#8221; button_bg_color_hover=&#8221;rgba(0,171,232,0.8)&#8221; button_border_color_hover=&#8221;#00658a&#8221; background_color=&#8221;#7EBEC5&#8243;]<br \/>\n[\/et_pb_button][\/et_pb_column][et_pb_column type=&#8221;1_2&#8243; parallax=&#8221;off&#8221; parallax_method=&#8221;on&#8221; column_padding_mobile=&#8221;on&#8221;][et_pb_text admin_label=&#8221;Flight for a Dream&#8221;]<\/p>\n<h2><strong>Vuelo por un Sue\u00f1o<\/strong><\/h2>\n<p><a href=\"http:\/\/miamipowerteam.org\/es\/proyectos\/vuelo\/\"><img loading=\"lazy\" decoding=\"async\" class=\"alignnone wp-image-286 size-full\" src=\"http:\/\/miamipowerteam.org\/wp-content\/uploads\/2016\/11\/MPT-Orestes-w.jpg\" alt=\"mpt-orestes-w\" width=\"750\" height=\"476\" srcset=\"http:\/\/miamipowerteam.org\/wp-content\/uploads\/2016\/11\/MPT-Orestes-w.jpg 750w, http:\/\/miamipowerteam.org\/wp-content\/uploads\/2016\/11\/MPT-Orestes-w-510x324.jpg 510w, http:\/\/miamipowerteam.org\/wp-content\/uploads\/2016\/11\/MPT-Orestes-w-300x190.jpg 300w\" sizes=\"auto, (max-width: 750px) 100vw, 750px\" \/><\/a><\/p>\n<p>\u00a1Compra un boleto para tener la oportunidad de ganar un viaje a Key West, FL, un almuerzo, y un libro\u00a0firmado por\u00a0Vicky y Orestes Lorenzo!<\/p>\n<p>[\/et_pb_text][et_pb_button button_url=&#8221;http:\/\/miamipowerteam.org\/es\/proyectos\/vuelo\/&#8221; button_text=&#8221;Leer M\u00e1s&#8221; button_alignment=&#8221;left&#8221; background_layout=&#8221;dark&#8221; admin_label=&#8221;Full Story Link&#8221; custom_button=&#8221;on&#8221; button_bg_color=&#8221;#00abe8&#8243; button_border_width=&#8221;0px&#8221; button_border_radius=&#8221;3px&#8221; button_font=&#8221;|on|||&#8221; button_use_icon=&#8221;off&#8221; button_bg_color_hover=&#8221;rgba(0,171,232,0.8)&#8221; button_border_color_hover=&#8221;#00658a&#8221; background_color=&#8221;#7EBEC5&#8243;]<br \/>\n[\/et_pb_button][\/et_pb_column][\/et_pb_row][et_pb_row custom_padding=&#8221;0px|0px|0px|0px&#8221; padding_mobile=&#8221;off&#8221; column_padding_mobile=&#8221;on&#8221; padding_top_1=&#8221; &#8221; padding_right_1=&#8221;2%&#8221; padding_bottom_1=&#8221; &#8221; padding_left_1=&#8221; &#8221; admin_label=&#8221;row&#8221;][et_pb_column type=&#8221;1_2&#8243; padding_bottom=&#8221; &#8221; padding_left=&#8221; &#8221; padding_right=&#8221;2%&#8221; padding_top=&#8221; &#8221; parallax=&#8221;off&#8221; parallax_method=&#8221;on&#8221; column_padding_mobile=&#8221;on&#8221;][et_pb_text admin_label=&#8221;Tony Landa&#8221;]<\/p>\n<h2><strong>&#8220;Todo es M\u00e1gico,&#8221; de Tony Landa\u00a0<\/strong><\/h2>\n<p><a href=\"http:\/\/miamipowerteam.org\/es\/proyectos\/tony-landa\/\"><img loading=\"lazy\" decoding=\"async\" class=\"alignnone wp-image-553 size-full\" src=\"..\/wp-content\/uploads\/2016\/11\/Tony_Landa.png\" alt=\"tony_landa\" width=\"813\" height=\"800\" srcset=\"http:\/\/miamipowerteam.org\/wp-content\/uploads\/2016\/11\/Tony_Landa.png 813w, http:\/\/miamipowerteam.org\/wp-content\/uploads\/2016\/11\/Tony_Landa-510x502.png 510w, http:\/\/miamipowerteam.org\/wp-content\/uploads\/2016\/11\/Tony_Landa-300x295.png 300w, http:\/\/miamipowerteam.org\/wp-content\/uploads\/2016\/11\/Tony_Landa-768x756.png 768w\" sizes=\"auto, (max-width: 813px) 100vw, 813px\" \/><\/a><\/p>\n<p><strong>\u00a1Dedicada al Miami Power Team!<\/strong><\/p>\n<p>El cantautor\u00a0espa\u00f1ol Tony Landa compuso y grab\u00f3 esta hermosa canci\u00f3n dedicada a los ni\u00f1os del Miami Power Team. \u00a1Ordena tu copia ya! Click m\u00e1s abajo para los detalles.<\/p>\n<p>[\/et_pb_text][et_pb_button button_url=&#8221;http:\/\/miamipowerteam.org\/es\/proyectos\/tony-landa\/&#8221; button_text=&#8221;Leer M\u00e1s&#8221; button_alignment=&#8221;left&#8221; background_layout=&#8221;dark&#8221; admin_label=&#8221;Full Story Link&#8221; custom_button=&#8221;on&#8221; button_bg_color=&#8221;#00abe8&#8243; button_border_width=&#8221;0px&#8221; button_border_radius=&#8221;3px&#8221; button_font=&#8221;|on|||&#8221; button_use_icon=&#8221;off&#8221; button_bg_color_hover=&#8221;rgba(0,171,232,0.8)&#8221; button_border_color_hover=&#8221;#00658a&#8221; background_color=&#8221;#7EBEC5&#8243;]<br \/>\n[\/et_pb_button][\/et_pb_column][et_pb_column type=&#8221;1_2&#8243; parallax=&#8221;off&#8221; parallax_method=&#8221;on&#8221; column_padding_mobile=&#8221;on&#8221;][et_pb_text admin_label=&#8221;Trucks &#038; Cars&#8221;]<\/p>\n<h2><strong>Camiones, Autos, y Botes por el MPT<\/strong><\/h2>\n<p><a href=\"trucks-cars-mpt\/\"><img loading=\"lazy\" decoding=\"async\" class=\"alignnone size-large wp-image-643\" src=\"..\/wp-content\/uploads\/2016\/10\/trucks-cars-1024x768.jpg\" alt=\"trucks-cars\" width=\"1024\" height=\"768\" srcset=\"http:\/\/miamipowerteam.org\/wp-content\/uploads\/2016\/10\/trucks-cars-1024x768.jpg 1024w, http:\/\/miamipowerteam.org\/wp-content\/uploads\/2016\/10\/trucks-cars-510x382.jpg 510w, http:\/\/miamipowerteam.org\/wp-content\/uploads\/2016\/10\/trucks-cars-300x225.jpg 300w, http:\/\/miamipowerteam.org\/wp-content\/uploads\/2016\/10\/trucks-cars-768x576.jpg 768w, http:\/\/miamipowerteam.org\/wp-content\/uploads\/2016\/10\/trucks-cars-1080x810.jpg 1080w\" sizes=\"auto, (max-width: 1024px) 100vw, 1024px\" \/><\/a><\/p>\n<p>Si tienes un cami\u00f3n, auto, o bote, te invitamos a que nos ayudes a regar la voz para crear consciencia sobre nuestra organizaci\u00f3n y labor de traer esperanzas, sonrisas y sue\u00f1os.<\/p>\n<p>[\/et_pb_text][et_pb_button button_url=&#8221;http:\/\/miamipowerteam.org\/es\/proyectos\/camiones-autos-botes-mpt\/&#8221; button_text=&#8221;Leer M\u00e1s&#8221; button_alignment=&#8221;left&#8221; background_layout=&#8221;dark&#8221; disabled_on=&#8221;off|off|off&#8221; admin_label=&#8221;Full Story Link&#8221; custom_button=&#8221;on&#8221; button_bg_color=&#8221;#00abe8&#8243; button_border_width=&#8221;0px&#8221; button_border_radius=&#8221;3px&#8221; button_font=&#8221;|on|||&#8221; button_use_icon=&#8221;off&#8221; button_bg_color_hover=&#8221;rgba(0,171,232,0.8)&#8221; button_border_color_hover=&#8221;#00658a&#8221; background_color=&#8221;#7EBEC5&#8243;]<br \/>\n[\/et_pb_button][\/et_pb_column][\/et_pb_row][\/et_pb_section][et_pb_section fb_built=&#8221;1&#8243; background_color=&#8221;#000000&#8243; inner_shadow=&#8221;on&#8221; custom_padding=&#8221;0px|0px|41.59375px|0px&#8221; custom_padding_phone=&#8221;61px|0px|50px|0px&#8221; padding_mobile=&#8221;off&#8221; admin_label=&#8221;Section&#8221; module_class=&#8221;activities&#8221; global_module=&#8221;1598&#8243;][et_pb_row make_fullwidth=&#8221;on&#8221; use_custom_gutter=&#8221;on&#8221; gutter_width=&#8221;1&#8243; custom_padding=&#8221;0px|0px|0px|0px&#8221; custom_padding_phone=&#8221;0px|0px|0px|0px&#8221; padding_mobile=&#8221;off&#8221; column_padding_mobile=&#8221;on&#8221; parallax_method_1=&#8221;off&#8221; admin_label=&#8221;Row&#8221;][et_pb_column type=&#8221;4_4&#8243; parallax=&#8221;off&#8221; parallax_method=&#8221;off&#8221; column_padding_mobile=&#8221;on&#8221;][et_pb_image src=&#8221;http:\/\/miamipowerteam.org\/wp-content\/uploads\/2016\/10\/mpt_volunteers_prompt.jpg&#8221; animation=&#8221;off&#8221; force_fullwidth=&#8221;on&#8221; admin_label=&#8221;Image&#8221;]<\/p>\n<p><\/p>\n<p>[\/et_pb_image][et_pb_text background_layout=&#8221;dark&#8221; text_orientation=&#8221;center&#8221; admin_label=&#8221;Invol\u00facrate Hoy&#8221; header_font=&#8221;|on|||&#8221;]<\/p>\n<h1>Invol\u00facrate\u00a0Hoy<\/h1>\n<p>[\/et_pb_text][\/et_pb_column][\/et_pb_row][et_pb_row custom_padding_phone=&#8221;0px|0px|0px|0px&#8221; padding_mobile=&#8221;off&#8221; column_padding_mobile=&#8221;on&#8221; admin_label=&#8221;Row&#8221;][et_pb_column type=&#8221;4_4&#8243; parallax=&#8221;off&#8221; parallax_method=&#8221;on&#8221; column_padding_mobile=&#8221;on&#8221;][et_pb_cta title=&#8221;Convi\u00e9rtete en un \u00c1ngel Guardi\u00e1n, y ay\u00fadanos a alegrar las vidas de los ni\u00f1os del Miami Power Team.&#8221; button_url=&#8221;http:\/\/miamipowerteam.org\/es\/involucrate\/&#8221; button_text=&#8221;C\u00f3mo Involucrarse&#8221; use_background_color=&#8221;off&#8221; admin_label=&#8221;C\u00f3mo Involucrarse&#8221; header_font_size=&#8221;35px&#8221; custom_button=&#8221;on&#8221; button_font=&#8221;|on||on|&#8221; button_use_icon=&#8221;off&#8221;][\/et_pb_cta][\/et_pb_column][\/et_pb_row][\/et_pb_section]<\/p>\n","protected":false},"excerpt":{"rendered":"<p>Nuestros Proyectos Miami Power Team Center &#038; Garden Nos hemos propuesto recaudar fondos activamente con la meta de comprar un pedazo de tierra y construir nuestro Miami Power Team Center &#038; Garden. Este proyecto tiene como meta proveer a nuestros ni\u00f1os un espacio m\u00e1gico para realizar actividades que les permitan cumplir sus sue\u00f1os. Haz click [&hellip;]<\/p>\n","protected":false},"author":1,"featured_media":0,"parent":0,"menu_order":0,"comment_status":"closed","ping_status":"closed","template":"","meta":{"_et_pb_use_builder":"on","_et_pb_old_content":"","_et_gb_content_width":"","footnotes":""},"class_list":["post-1487","page","type-page","status-publish","hentry"],"yoast_head":"<!-- This site is optimized with the Yoast SEO plugin v27.2 - https:\/\/yoast.com\/product\/yoast-seo-wordpress\/ -->\n<title>Nuestros Proyectos ~ Fundaci\u00f3n Miami Power Team<\/title>\n<meta name=\"robots\" content=\"index, follow, max-snippet:-1, max-image-preview:large, max-video-preview:-1\" \/>\n<link rel=\"canonical\" href=\"http:\/\/miamipowerteam.org\/es\/proyectos\/\" \/>\n<meta property=\"og:locale\" content=\"es_ES\" \/>\n<meta property=\"og:type\" content=\"article\" \/>\n<meta property=\"og:title\" content=\"Nuestros Proyectos ~ Fundaci\u00f3n Miami Power Team\" \/>\n<meta property=\"og:description\" content=\"Nuestros Proyectos Miami Power Team Center &amp; Garden Nos hemos propuesto recaudar fondos activamente con la meta de comprar un pedazo de tierra y construir nuestro Miami Power Team Center &amp; Garden. Este proyecto tiene como meta proveer a nuestros ni\u00f1os un espacio m\u00e1gico para realizar actividades que les permitan cumplir sus sue\u00f1os. Haz click [&hellip;]\" \/>\n<meta property=\"og:url\" content=\"http:\/\/miamipowerteam.org\/es\/proyectos\/\" \/>\n<meta property=\"og:site_name\" content=\"Fundaci\u00f3n Miami Power Team\" \/>\n<meta property=\"article:publisher\" content=\"https:\/\/www.facebook.com\/MiamiPowerTeamFoundation\/\" \/>\n<meta property=\"article:modified_time\" content=\"2017-05-23T19:07:39+00:00\" \/>\n<meta property=\"og:image\" content=\"http:\/\/miamipowerteam.org\/wp-content\/uploads\/2016\/11\/Center1-op-300x225.jpg\" \/>\n<meta name=\"twitter:card\" content=\"summary_large_image\" \/>\n<meta name=\"twitter:label1\" content=\"Est. reading time\" \/>\n\t<meta name=\"twitter:data1\" content=\"5 minutes\" \/>\n<script type=\"application\/ld+json\" class=\"yoast-schema-graph\">{\"@context\":\"https:\/\/schema.org\",\"@graph\":[{\"@type\":\"WebPage\",\"@id\":\"http:\/\/miamipowerteam.org\/es\/proyectos\/\",\"url\":\"http:\/\/miamipowerteam.org\/es\/proyectos\/\",\"name\":\"Nuestros Proyectos ~ Fundaci\u00f3n Miami Power Team\",\"isPartOf\":{\"@id\":\"https:\/\/miamipowerteam.org\/#website\"},\"primaryImageOfPage\":{\"@id\":\"http:\/\/miamipowerteam.org\/es\/proyectos\/#primaryimage\"},\"image\":{\"@id\":\"http:\/\/miamipowerteam.org\/es\/proyectos\/#primaryimage\"},\"thumbnailUrl\":\"http:\/\/miamipowerteam.org\/wp-content\/uploads\/2016\/11\/Center1-op-300x225.jpg\",\"datePublished\":\"2016-12-28T16:06:03+00:00\",\"dateModified\":\"2017-05-23T19:07:39+00:00\",\"breadcrumb\":{\"@id\":\"http:\/\/miamipowerteam.org\/es\/proyectos\/#breadcrumb\"},\"inLanguage\":\"es-ES\",\"potentialAction\":[{\"@type\":\"ReadAction\",\"target\":[\"http:\/\/miamipowerteam.org\/es\/proyectos\/\"]}]},{\"@type\":\"ImageObject\",\"inLanguage\":\"es-ES\",\"@id\":\"http:\/\/miamipowerteam.org\/es\/proyectos\/#primaryimage\",\"url\":\"http:\/\/miamipowerteam.org\/wp-content\/uploads\/2016\/11\/Center1-op-300x225.jpg\",\"contentUrl\":\"http:\/\/miamipowerteam.org\/wp-content\/uploads\/2016\/11\/Center1-op-300x225.jpg\"},{\"@type\":\"BreadcrumbList\",\"@id\":\"http:\/\/miamipowerteam.org\/es\/proyectos\/#breadcrumb\",\"itemListElement\":[{\"@type\":\"ListItem\",\"position\":1,\"name\":\"Home\",\"item\":\"http:\/\/miamipowerteam.org\/es\/\"},{\"@type\":\"ListItem\",\"position\":2,\"name\":\"Nuestros Proyectos\"}]},{\"@type\":\"WebSite\",\"@id\":\"https:\/\/miamipowerteam.org\/#website\",\"url\":\"https:\/\/miamipowerteam.org\/\",\"name\":\"Fundaci\u00f3n Miami Power Team\",\"description\":\"Trayendo Esperanzas, Sonrisas, y Sue\u00f1os.\",\"publisher\":{\"@id\":\"https:\/\/miamipowerteam.org\/#organization\"},\"potentialAction\":[{\"@type\":\"SearchAction\",\"target\":{\"@type\":\"EntryPoint\",\"urlTemplate\":\"https:\/\/miamipowerteam.org\/?s={search_term_string}\"},\"query-input\":{\"@type\":\"PropertyValueSpecification\",\"valueRequired\":true,\"valueName\":\"search_term_string\"}}],\"inLanguage\":\"es-ES\"},{\"@type\":\"Organization\",\"@id\":\"https:\/\/miamipowerteam.org\/#organization\",\"name\":\"Miami Power Team Foundation\",\"url\":\"https:\/\/miamipowerteam.org\/\",\"logo\":{\"@type\":\"ImageObject\",\"inLanguage\":\"es-ES\",\"@id\":\"https:\/\/miamipowerteam.org\/#\/schema\/logo\/image\/\",\"url\":\"http:\/\/miamipowerteam.org\/wp-content\/uploads\/2016\/10\/web_logo.jpg\",\"contentUrl\":\"http:\/\/miamipowerteam.org\/wp-content\/uploads\/2016\/10\/web_logo.jpg\",\"width\":488,\"height\":533,\"caption\":\"Miami Power Team Foundation\"},\"image\":{\"@id\":\"https:\/\/miamipowerteam.org\/#\/schema\/logo\/image\/\"},\"sameAs\":[\"https:\/\/www.facebook.com\/MiamiPowerTeamFoundation\/\",\"https:\/\/www.instagram.com\/miamipowerteamfoundation\/\",\"https:\/\/www.youtube.com\/channel\/UC3mNK80FVxOwwMSeD7Ow1_w\"]}]}<\/script>\n<!-- \/ Yoast SEO plugin. -->","yoast_head_json":{"title":"Nuestros Proyectos ~ Fundaci\u00f3n Miami Power Team","robots":{"index":"index","follow":"follow","max-snippet":"max-snippet:-1","max-image-preview":"max-image-preview:large","max-video-preview":"max-video-preview:-1"},"canonical":"http:\/\/miamipowerteam.org\/es\/proyectos\/","og_locale":"es_ES","og_type":"article","og_title":"Nuestros Proyectos ~ Fundaci\u00f3n Miami Power Team","og_description":"Nuestros Proyectos Miami Power Team Center & Garden Nos hemos propuesto recaudar fondos activamente con la meta de comprar un pedazo de tierra y construir nuestro Miami Power Team Center & Garden. Este proyecto tiene como meta proveer a nuestros ni\u00f1os un espacio m\u00e1gico para realizar actividades que les permitan cumplir sus sue\u00f1os. Haz click [&hellip;]","og_url":"http:\/\/miamipowerteam.org\/es\/proyectos\/","og_site_name":"Fundaci\u00f3n Miami Power Team","article_publisher":"https:\/\/www.facebook.com\/MiamiPowerTeamFoundation\/","article_modified_time":"2017-05-23T19:07:39+00:00","og_image":[{"url":"http:\/\/miamipowerteam.org\/wp-content\/uploads\/2016\/11\/Center1-op-300x225.jpg","type":"","width":"","height":""}],"twitter_card":"summary_large_image","twitter_misc":{"Est. reading time":"5 minutes"},"schema":{"@context":"https:\/\/schema.org","@graph":[{"@type":"WebPage","@id":"http:\/\/miamipowerteam.org\/es\/proyectos\/","url":"http:\/\/miamipowerteam.org\/es\/proyectos\/","name":"Nuestros Proyectos ~ Fundaci\u00f3n Miami Power Team","isPartOf":{"@id":"https:\/\/miamipowerteam.org\/#website"},"primaryImageOfPage":{"@id":"http:\/\/miamipowerteam.org\/es\/proyectos\/#primaryimage"},"image":{"@id":"http:\/\/miamipowerteam.org\/es\/proyectos\/#primaryimage"},"thumbnailUrl":"http:\/\/miamipowerteam.org\/wp-content\/uploads\/2016\/11\/Center1-op-300x225.jpg","datePublished":"2016-12-28T16:06:03+00:00","dateModified":"2017-05-23T19:07:39+00:00","breadcrumb":{"@id":"http:\/\/miamipowerteam.org\/es\/proyectos\/#breadcrumb"},"inLanguage":"es-ES","potentialAction":[{"@type":"ReadAction","target":["http:\/\/miamipowerteam.org\/es\/proyectos\/"]}]},{"@type":"ImageObject","inLanguage":"es-ES","@id":"http:\/\/miamipowerteam.org\/es\/proyectos\/#primaryimage","url":"http:\/\/miamipowerteam.org\/wp-content\/uploads\/2016\/11\/Center1-op-300x225.jpg","contentUrl":"http:\/\/miamipowerteam.org\/wp-content\/uploads\/2016\/11\/Center1-op-300x225.jpg"},{"@type":"BreadcrumbList","@id":"http:\/\/miamipowerteam.org\/es\/proyectos\/#breadcrumb","itemListElement":[{"@type":"ListItem","position":1,"name":"Home","item":"http:\/\/miamipowerteam.org\/es\/"},{"@type":"ListItem","position":2,"name":"Nuestros Proyectos"}]},{"@type":"WebSite","@id":"https:\/\/miamipowerteam.org\/#website","url":"https:\/\/miamipowerteam.org\/","name":"Fundaci\u00f3n Miami Power Team","description":"Trayendo Esperanzas, Sonrisas, y Sue\u00f1os.","publisher":{"@id":"https:\/\/miamipowerteam.org\/#organization"},"potentialAction":[{"@type":"SearchAction","target":{"@type":"EntryPoint","urlTemplate":"https:\/\/miamipowerteam.org\/?s={search_term_string}"},"query-input":{"@type":"PropertyValueSpecification","valueRequired":true,"valueName":"search_term_string"}}],"inLanguage":"es-ES"},{"@type":"Organization","@id":"https:\/\/miamipowerteam.org\/#organization","name":"Miami Power Team Foundation","url":"https:\/\/miamipowerteam.org\/","logo":{"@type":"ImageObject","inLanguage":"es-ES","@id":"https:\/\/miamipowerteam.org\/#\/schema\/logo\/image\/","url":"http:\/\/miamipowerteam.org\/wp-content\/uploads\/2016\/10\/web_logo.jpg","contentUrl":"http:\/\/miamipowerteam.org\/wp-content\/uploads\/2016\/10\/web_logo.jpg","width":488,"height":533,"caption":"Miami Power Team Foundation"},"image":{"@id":"https:\/\/miamipowerteam.org\/#\/schema\/logo\/image\/"},"sameAs":["https:\/\/www.facebook.com\/MiamiPowerTeamFoundation\/","https:\/\/www.instagram.com\/miamipowerteamfoundation\/","https:\/\/www.youtube.com\/channel\/UC3mNK80FVxOwwMSeD7Ow1_w"]}]}},"_links":{"self":[{"href":"http:\/\/miamipowerteam.org\/es\/wp-json\/wp\/v2\/pages\/1487","targetHints":{"allow":["GET"]}}],"collection":[{"href":"http:\/\/miamipowerteam.org\/es\/wp-json\/wp\/v2\/pages"}],"about":[{"href":"http:\/\/miamipowerteam.org\/es\/wp-json\/wp\/v2\/types\/page"}],"author":[{"embeddable":true,"href":"http:\/\/miamipowerteam.org\/es\/wp-json\/wp\/v2\/users\/1"}],"replies":[{"embeddable":true,"href":"http:\/\/miamipowerteam.org\/es\/wp-json\/wp\/v2\/comments?post=1487"}],"version-history":[{"count":13,"href":"http:\/\/miamipowerteam.org\/es\/wp-json\/wp\/v2\/pages\/1487\/revisions"}],"predecessor-version":[{"id":1846,"href":"http:\/\/miamipowerteam.org\/es\/wp-json\/wp\/v2\/pages\/1487\/revisions\/1846"}],"wp:attachment":[{"href":"http:\/\/miamipowerteam.org\/es\/wp-json\/wp\/v2\/media?parent=1487"}],"curies":[{"name":"wp","href":"https:\/\/api.w.org\/{rel}","templated":true}]}}