{"id":1399,"date":"2016-12-22T16:42:04","date_gmt":"2016-12-22T16:42:04","guid":{"rendered":"http:\/\/miamipowerteam.org\/?page_id=1399\/"},"modified":"2016-12-27T21:52:43","modified_gmt":"2016-12-27T21:52:43","slug":"contactanos","status":"publish","type":"page","link":"http:\/\/miamipowerteam.org\/es\/contactanos\/","title":{"rendered":"Cont\u00e1ctanos"},"content":{"rendered":"<p>[et_pb_section admin_label=&#8221;section&#8221; transparent_background=&#8221;off&#8221; background_color=&#8221;#00abe8&#8243; allow_player_pause=&#8221;off&#8221; inner_shadow=&#8221;off&#8221; parallax=&#8221;off&#8221; parallax_method=&#8221;off&#8221; custom_padding=&#8221;40px|0px|0px|0px&#8221; padding_mobile=&#8221;off&#8221; make_fullwidth=&#8221;off&#8221; use_custom_width=&#8221;off&#8221; width_unit=&#8221;on&#8221; custom_width_px=&#8221;1080px&#8221; custom_width_percent=&#8221;80%&#8221; make_equal=&#8221;off&#8221; use_custom_gutter=&#8221;off&#8221; fullwidth=&#8221;off&#8221; specialty=&#8221;off&#8221; module_id=&#8221;bluehd&#8221; disabled=&#8221;off&#8221;][et_pb_row admin_label=&#8221;row&#8221; make_fullwidth=&#8221;off&#8221; use_custom_width=&#8221;off&#8221; width_unit=&#8221;off&#8221; custom_width_px=&#8221;1080px&#8221; custom_width_percent=&#8221;80%&#8221; use_custom_gutter=&#8221;off&#8221; gutter_width=&#8221;3&#8243; custom_padding=&#8221;0px|0px|25px|0px&#8221; padding_mobile=&#8221;off&#8221; allow_player_pause=&#8221;off&#8221; parallax=&#8221;off&#8221; parallax_method=&#8221;on&#8221; make_equal=&#8221;off&#8221; column_padding_mobile=&#8221;on&#8221; parallax_1=&#8221;off&#8221; parallax_method_1=&#8221;on&#8221; parallax_2=&#8221;off&#8221; parallax_method_2=&#8221;on&#8221; parallax_3=&#8221;off&#8221; parallax_method_3=&#8221;on&#8221; parallax_4=&#8221;off&#8221; parallax_method_4=&#8221;on&#8221; disabled=&#8221;off&#8221;][et_pb_column type=&#8221;3_4&#8243;][et_pb_text admin_label=&#8221;Heading&#8221; background_layout=&#8221;dark&#8221; text_orientation=&#8221;left&#8221; header_font=&#8221;|on|||&#8221; header_font_size=&#8221;60px&#8221; use_border_color=&#8221;off&#8221; border_style=&#8221;solid&#8221; disabled=&#8221;off&#8221; border_color=&#8221;#ffffff&#8221;]<\/p>\n<h1>Cont\u00e1ctanos<\/h1>\n<p>[\/et_pb_text][\/et_pb_column][et_pb_column type=&#8221;1_4&#8243;][et_pb_button admin_label=&#8221;Ay\u00fadanos!&#8221; global_module=&#8221;1250&#8243; saved_tabs=&#8221;all&#8221; template_type=&#8221;module&#8221; button_url=&#8221;https:\/\/www.paypal.com\/cgi-bin\/webscr?cmd=_s-xclick&amp;hosted_button_id=4DKDY7TL9QHM6&#8243; url_new_window=&#8221;on&#8221; button_text=&#8221;Ay\u00fadanos!&#8221; button_alignment=&#8221;center&#8221; background_layout=&#8221;dark&#8221; disabled=&#8221;off&#8221; custom_button=&#8221;on&#8221; button_text_size=&#8221;18&#8243; button_bg_color=&#8221;#b92009&#8243; button_border_width=&#8221;0&#8243; button_letter_spacing=&#8221;0&#8243; button_font=&#8221;|on||on|&#8221; button_use_icon=&#8221;off&#8221; button_icon_placement=&#8221;right&#8221; button_on_hover=&#8221;on&#8221; button_letter_spacing_hover=&#8221;0&#8243; custom_css_main_element=&#8221;margin-top: 12px;&#8221; \/][\/et_pb_column][\/et_pb_row][\/et_pb_section][et_pb_section admin_label=&#8221;section&#8221; transparent_background=&#8221;off&#8221; background_color=&#8221;#fff0d6&#8243; allow_player_pause=&#8221;off&#8221; inner_shadow=&#8221;off&#8221; parallax=&#8221;off&#8221; parallax_method=&#8221;on&#8221; custom_padding=&#8221;54px|0px|50px|0px&#8221; padding_mobile=&#8221;off&#8221; make_fullwidth=&#8221;off&#8221; use_custom_width=&#8221;off&#8221; width_unit=&#8221;off&#8221; custom_width_px=&#8221;1080px&#8221; custom_width_percent=&#8221;80%&#8221; make_equal=&#8221;off&#8221; use_custom_gutter=&#8221;off&#8221; fullwidth=&#8221;off&#8221; specialty=&#8221;off&#8221; disabled=&#8221;off&#8221;][et_pb_row admin_label=&#8221;row&#8221; make_fullwidth=&#8221;off&#8221; use_custom_width=&#8221;off&#8221; width_unit=&#8221;off&#8221; custom_width_px=&#8221;1080px&#8221; custom_width_percent=&#8221;80%&#8221; use_custom_gutter=&#8221;off&#8221; gutter_width=&#8221;3&#8243; custom_padding=&#8221;27px|0px|0px|0px&#8221; padding_mobile=&#8221;off&#8221; allow_player_pause=&#8221;off&#8221; parallax=&#8221;off&#8221; parallax_method=&#8221;on&#8221; make_equal=&#8221;off&#8221; column_padding_mobile=&#8221;on&#8221; parallax_1=&#8221;off&#8221; parallax_method_1=&#8221;on&#8221; parallax_2=&#8221;off&#8221; parallax_method_2=&#8221;on&#8221; parallax_3=&#8221;off&#8221; parallax_method_3=&#8221;on&#8221; parallax_4=&#8221;off&#8221; parallax_method_4=&#8221;on&#8221; disabled=&#8221;off&#8221;][et_pb_column type=&#8221;1_2&#8243;][et_pb_contact_form admin_label=&#8221;Contact Form&#8221; captcha=&#8221;on&#8221; email=&#8221;ms@miamipowerteam.org&#8221; title=&#8221;Env\u00edanos un Mensaje&#8221; use_redirect=&#8221;off&#8221; success_message=&#8221;\u00a1Gracias por contactarnos! Le devolveremos el mensaje tan pronto como sea posible.&#8221; form_background_color=&#8221;#ffeac6&#8243; input_border_radius=&#8221;0&#8243; module_id=&#8221;et_pb_contact_form_0&#8243; title_font=&#8221;|on|||&#8221; title_font_size=&#8221;30px&#8221; form_field_text_color=&#8221;#0c0c0c&#8221; use_border_color=&#8221;off&#8221; border_color=&#8221;#ffffff&#8221; border_style=&#8221;solid&#8221; custom_button=&#8221;on&#8221; button_text_size=&#8221;20px&#8221; button_text_color=&#8221;#ffffff&#8221; button_bg_color=&#8221;#b92009&#8243; button_border_width=&#8221;0px&#8221; button_border_radius=&#8221;7px&#8221; button_letter_spacing=&#8221;0&#8243; button_font=&#8221;|on|||&#8221; button_use_icon=&#8221;off&#8221; button_icon_placement=&#8221;right&#8221; button_on_hover=&#8221;on&#8221; button_letter_spacing_hover=&#8221;0&#8243; custom_css_contact_fields=&#8221;border-bottom: 2px solid #000 !important; &#8221; custom_css_text_field=&#8221;border-bottom: 2px solid #000 !important; &#8221; disabled=&#8221;off&#8221;] [et_pb_contact_field field_id=&#8221;Name&#8221; field_title=&#8221;Name&#8221; field_type=&#8221;input&#8221; required_mark=&#8221;on&#8221; fullwidth_field=&#8221;off&#8221; input_border_radius=&#8221;0&#8243; disabled=&#8221;off&#8221;][\/et_pb_contact_field][et_pb_contact_field field_id=&#8221;Email&#8221; field_title=&#8221;Email Address&#8221; field_type=&#8221;email&#8221; required_mark=&#8221;on&#8221; fullwidth_field=&#8221;off&#8221; input_border_radius=&#8221;0&#8243; disabled=&#8221;off&#8221;][\/et_pb_contact_field][et_pb_contact_field field_id=&#8221;Message&#8221; field_title=&#8221;Message&#8221; field_type=&#8221;text&#8221; required_mark=&#8221;on&#8221; fullwidth_field=&#8221;on&#8221; input_border_radius=&#8221;0&#8243; disabled=&#8221;off&#8221;][\/et_pb_contact_field] [\/et_pb_contact_form][\/et_pb_column][et_pb_column type=&#8221;1_2&#8243;][et_pb_text admin_label=&#8221;Text&#8221; background_layout=&#8221;light&#8221; text_orientation=&#8221;left&#8221; use_border_color=&#8221;off&#8221; border_style=&#8221;solid&#8221; disabled=&#8221;off&#8221; border_color=&#8221;#ffffff&#8221;]<\/p>\n<h2>Fundaci\u00f3n Miami Power Team<\/h2>\n<p>12595 SW 137 Ave #101<br \/>\nMiami, FL \u2014 33186<\/p>\n<p><strong>Tel\u00e9fonos:<\/strong><br \/>\n(305) 232-3432<br \/>\n(786) 586-9150<\/p>\n<p><strong> Email:<\/strong><br \/>\n<a href=\"mailto:ms@miamipowerteam.org\">ms@miamipowerteam.org<\/a><\/p>\n<p>[\/et_pb_text][et_pb_social_media_follow admin_label=&#8221;Social Media Follow&#8221; link_shape=&#8221;rounded_rectangle&#8221; background_layout=&#8221;dark&#8221; url_new_window=&#8221;on&#8221; follow_button=&#8221;off&#8221; custom_css_social_icon=&#8221;font-size: 200px; &#8221; disabled=&#8221;off&#8221;] [et_pb_social_media_follow_network social_network=&#8221;facebook&#8221; url=&#8221;https:\/\/www.facebook.com\/MiamiPowerTeamFoundation&#8221; skype_action=&#8221;call&#8221; bg_color=&#8221;#3b5998&#8243; disabled=&#8221;off&#8221; link_shape=&#8221;rounded_rectangle&#8221; follow_button=&#8221;off&#8221; url_new_window=&#8221;on&#8221;]facebook[\/et_pb_social_media_follow_network][et_pb_social_media_follow_network social_network=&#8221;youtube&#8221; url=&#8221;https:\/\/www.youtube.com\/channel\/UC3mNK80FVxOwwMSeD7Ow1_w&#8221; skype_action=&#8221;call&#8221; bg_color=&#8221;#a82400&#8243; disabled=&#8221;off&#8221; link_shape=&#8221;rounded_rectangle&#8221; follow_button=&#8221;off&#8221; url_new_window=&#8221;on&#8221;]youtube[\/et_pb_social_media_follow_network][et_pb_social_media_follow_network social_network=&#8221;instagram&#8221; url=&#8221;https:\/\/www.instagram.com\/miamipowerteamfoundation\/&#8221; skype_action=&#8221;call&#8221; bg_color=&#8221;#517fa4&#8243; disabled=&#8221;off&#8221; link_shape=&#8221;rounded_rectangle&#8221; follow_button=&#8221;off&#8221; url_new_window=&#8221;on&#8221;]instagram[\/et_pb_social_media_follow_network] [\/et_pb_social_media_follow][\/et_pb_column][\/et_pb_row][\/et_pb_section][et_pb_section admin_label=&#8221;Section&#8221; global_module=&#8221;879&#8243; transparent_background=&#8221;off&#8221; background_color=&#8221;#000000&#8243; allow_player_pause=&#8221;off&#8221; inner_shadow=&#8221;on&#8221; parallax=&#8221;off&#8221; parallax_method=&#8221;off&#8221; custom_padding=&#8221;0px|0px|41.59375px|0px&#8221; custom_padding_phone=&#8221;61px|0px|50px|0px&#8221; padding_mobile=&#8221;off&#8221; make_fullwidth=&#8221;off&#8221; use_custom_width=&#8221;off&#8221; width_unit=&#8221;on&#8221; make_equal=&#8221;off&#8221; use_custom_gutter=&#8221;off&#8221; fullwidth=&#8221;off&#8221; specialty=&#8221;off&#8221; module_class=&#8221;activities&#8221; disabled=&#8221;off&#8221;][et_pb_row global_parent=&#8221;879&#8243; admin_label=&#8221;Row&#8221; make_fullwidth=&#8221;on&#8221; use_custom_width=&#8221;off&#8221; width_unit=&#8221;on&#8221; custom_width_px=&#8221;1080px&#8221; custom_width_percent=&#8221;80%&#8221; use_custom_gutter=&#8221;on&#8221; gutter_width=&#8221;1&#8243; custom_padding=&#8221;0px|0px|0px|0px&#8221; custom_padding_phone=&#8221;0px|0px|0px|0px&#8221; padding_mobile=&#8221;off&#8221; allow_player_pause=&#8221;off&#8221; parallax=&#8221;off&#8221; parallax_method=&#8221;off&#8221; make_equal=&#8221;off&#8221; column_padding_mobile=&#8221;on&#8221; parallax_1=&#8221;off&#8221; parallax_method_1=&#8221;off&#8221; parallax_2=&#8221;off&#8221; parallax_method_2=&#8221;on&#8221; parallax_3=&#8221;off&#8221; parallax_method_3=&#8221;on&#8221; parallax_4=&#8221;off&#8221; parallax_method_4=&#8221;on&#8221; disabled=&#8221;off&#8221;][et_pb_column type=&#8221;4_4&#8243;][et_pb_image global_parent=&#8221;879&#8243; admin_label=&#8221;Image&#8221; src=&#8221;http:\/\/miamipowerteam.org\/wp-content\/uploads\/2016\/10\/mpt_volunteers_prompt.jpg&#8221; show_in_lightbox=&#8221;off&#8221; url_new_window=&#8221;off&#8221; use_overlay=&#8221;off&#8221; animation=&#8221;off&#8221; sticky=&#8221;off&#8221; align=&#8221;left&#8221; force_fullwidth=&#8221;on&#8221; always_center_on_mobile=&#8221;on&#8221; use_border_color=&#8221;off&#8221; border_color=&#8221;#ffffff&#8221; border_width=&#8221;1px&#8221; border_style=&#8221;solid&#8221; disabled=&#8221;off&#8221;] [\/et_pb_image][et_pb_text global_parent=&#8221;879&#8243; admin_label=&#8221;Invol\u00facrate Hoy&#8221; background_layout=&#8221;dark&#8221; text_orientation=&#8221;center&#8221; header_font=&#8221;|on|||&#8221; use_border_color=&#8221;off&#8221; border_style=&#8221;solid&#8221; disabled=&#8221;off&#8221;]<\/p>\n<h1>Invol\u00facrate\u00a0Hoy<\/h1>\n<p>[\/et_pb_text][\/et_pb_column][\/et_pb_row][et_pb_row global_parent=&#8221;879&#8243; admin_label=&#8221;Row&#8221; make_fullwidth=&#8221;off&#8221; use_custom_width=&#8221;off&#8221; width_unit=&#8221;off&#8221; custom_width_px=&#8221;1080px&#8221; custom_width_percent=&#8221;80%&#8221; use_custom_gutter=&#8221;off&#8221; gutter_width=&#8221;3&#8243; custom_padding_phone=&#8221;0px|0px|0px|0px&#8221; padding_mobile=&#8221;off&#8221; allow_player_pause=&#8221;off&#8221; parallax=&#8221;off&#8221; parallax_method=&#8221;on&#8221; make_equal=&#8221;off&#8221; column_padding_mobile=&#8221;on&#8221; parallax_1=&#8221;off&#8221; parallax_method_1=&#8221;on&#8221; parallax_2=&#8221;off&#8221; parallax_method_2=&#8221;on&#8221; parallax_3=&#8221;off&#8221; parallax_method_3=&#8221;on&#8221; parallax_4=&#8221;off&#8221; parallax_method_4=&#8221;on&#8221; disabled=&#8221;off&#8221;][et_pb_column type=&#8221;4_4&#8243;][et_pb_cta global_parent=&#8221;879&#8243; admin_label=&#8221;C\u00f3mo Involucrarse&#8221; title=&#8221;Convi\u00e9rtete en un \u00c1ngel Guardian.&#8221; button_url=&#8221;http:\/\/miamipowerteam.org\/get-involved\/&#8221; url_new_window=&#8221;off&#8221; button_text=&#8221;C\u00f3mo Involucrarse&#8221; use_background_color=&#8221;off&#8221; background_color=&#8221;#7ebec5&#8243; background_layout=&#8221;dark&#8221; text_orientation=&#8221;center&#8221; header_font_size=&#8221;35px&#8221; use_border_color=&#8221;off&#8221; border_color=&#8221;#ffffff&#8221; border_width=&#8221;1px&#8221; border_style=&#8221;solid&#8221; custom_button=&#8221;on&#8221; button_text_size=&#8221;20&#8243; button_letter_spacing=&#8221;0&#8243; button_font=&#8221;|on||on|&#8221; button_use_icon=&#8221;off&#8221; button_icon_placement=&#8221;right&#8221; button_on_hover=&#8221;on&#8221; button_letter_spacing_hover=&#8221;0&#8243; disabled=&#8221;off&#8221;]<\/p>\n<h2 class=\"et-fb-editable-element\" spellcheck=\"false\" data-shortcode-id=\"3.1.0.0-1482872952861\" data-gramm_id=\"ca13cbce-2143-ae0d-7221-1f3325062241\" data-gramm=\"true\" data-gramm_editor=\"true\">\u00a1Ay\u00fadanos a traer esperanzas, sonrisas, y sue\u00f1os a los ni\u00f1os del Miami Power Team!<\/h2>\n<p>[\/et_pb_cta][\/et_pb_column][\/et_pb_row][\/et_pb_section]<\/p>\n","protected":false},"excerpt":{"rendered":"<p>Cont\u00e1ctanos Fundaci\u00f3n Miami Power Team 12595 SW 137 Ave #101 Miami, FL \u2014 33186 Tel\u00e9fonos: (305) 232-3432 (786) 586-9150 Email: ms@miamipowerteam.org Invol\u00facrate\u00a0Hoy \u00a1Ay\u00fadanos a traer esperanzas, sonrisas, y sue\u00f1os a los ni\u00f1os del Miami Power Team!<\/p>\n","protected":false},"author":1,"featured_media":0,"parent":0,"menu_order":0,"comment_status":"closed","ping_status":"closed","template":"","meta":{"_et_pb_use_builder":"on","_et_pb_old_content":"","_et_gb_content_width":"","footnotes":""},"class_list":["post-1399","page","type-page","status-publish","hentry"],"yoast_head":"<!-- This site is optimized with the Yoast SEO plugin v27.2 - https:\/\/yoast.com\/product\/yoast-seo-wordpress\/ -->\n<title>Cont\u00e1ctanos ~ Fundaci\u00f3n Miami Power Team<\/title>\n<meta name=\"robots\" content=\"index, follow, max-snippet:-1, max-image-preview:large, max-video-preview:-1\" \/>\n<link rel=\"canonical\" href=\"http:\/\/miamipowerteam.org\/es\/contactanos\/\" \/>\n<meta property=\"og:locale\" content=\"es_ES\" \/>\n<meta property=\"og:type\" content=\"article\" \/>\n<meta property=\"og:title\" content=\"Cont\u00e1ctanos ~ Fundaci\u00f3n Miami Power Team\" \/>\n<meta property=\"og:description\" content=\"Cont\u00e1ctanos Fundaci\u00f3n Miami Power Team 12595 SW 137 Ave #101 Miami, FL \u2014 33186 Tel\u00e9fonos: (305) 232-3432 (786) 586-9150 Email: ms@miamipowerteam.org Invol\u00facrate\u00a0Hoy \u00a1Ay\u00fadanos a traer esperanzas, sonrisas, y sue\u00f1os a los ni\u00f1os del Miami Power Team!\" \/>\n<meta property=\"og:url\" content=\"http:\/\/miamipowerteam.org\/es\/contactanos\/\" \/>\n<meta property=\"og:site_name\" content=\"Fundaci\u00f3n Miami Power Team\" \/>\n<meta property=\"article:publisher\" content=\"https:\/\/www.facebook.com\/MiamiPowerTeamFoundation\/\" \/>\n<meta property=\"article:modified_time\" content=\"2016-12-27T21:52:43+00:00\" \/>\n<meta name=\"twitter:card\" content=\"summary_large_image\" \/>\n<meta name=\"twitter:label1\" content=\"Est. reading time\" \/>\n\t<meta name=\"twitter:data1\" content=\"7 minutes\" \/>\n<script type=\"application\/ld+json\" class=\"yoast-schema-graph\">{\"@context\":\"https:\/\/schema.org\",\"@graph\":[{\"@type\":\"WebPage\",\"@id\":\"http:\/\/miamipowerteam.org\/es\/contactanos\/\",\"url\":\"http:\/\/miamipowerteam.org\/es\/contactanos\/\",\"name\":\"Cont\u00e1ctanos ~ Fundaci\u00f3n Miami Power Team\",\"isPartOf\":{\"@id\":\"https:\/\/miamipowerteam.org\/#website\"},\"datePublished\":\"2016-12-22T16:42:04+00:00\",\"dateModified\":\"2016-12-27T21:52:43+00:00\",\"breadcrumb\":{\"@id\":\"http:\/\/miamipowerteam.org\/es\/contactanos\/#breadcrumb\"},\"inLanguage\":\"es-ES\",\"potentialAction\":[{\"@type\":\"ReadAction\",\"target\":[\"http:\/\/miamipowerteam.org\/es\/contactanos\/\"]}]},{\"@type\":\"BreadcrumbList\",\"@id\":\"http:\/\/miamipowerteam.org\/es\/contactanos\/#breadcrumb\",\"itemListElement\":[{\"@type\":\"ListItem\",\"position\":1,\"name\":\"Home\",\"item\":\"http:\/\/miamipowerteam.org\/es\/\"},{\"@type\":\"ListItem\",\"position\":2,\"name\":\"Cont\u00e1ctanos\"}]},{\"@type\":\"WebSite\",\"@id\":\"https:\/\/miamipowerteam.org\/#website\",\"url\":\"https:\/\/miamipowerteam.org\/\",\"name\":\"Fundaci\u00f3n Miami Power Team\",\"description\":\"Trayendo Esperanzas, Sonrisas, y Sue\u00f1os.\",\"publisher\":{\"@id\":\"https:\/\/miamipowerteam.org\/#organization\"},\"potentialAction\":[{\"@type\":\"SearchAction\",\"target\":{\"@type\":\"EntryPoint\",\"urlTemplate\":\"https:\/\/miamipowerteam.org\/?s={search_term_string}\"},\"query-input\":{\"@type\":\"PropertyValueSpecification\",\"valueRequired\":true,\"valueName\":\"search_term_string\"}}],\"inLanguage\":\"es-ES\"},{\"@type\":\"Organization\",\"@id\":\"https:\/\/miamipowerteam.org\/#organization\",\"name\":\"Miami Power Team Foundation\",\"url\":\"https:\/\/miamipowerteam.org\/\",\"logo\":{\"@type\":\"ImageObject\",\"inLanguage\":\"es-ES\",\"@id\":\"https:\/\/miamipowerteam.org\/#\/schema\/logo\/image\/\",\"url\":\"http:\/\/miamipowerteam.org\/wp-content\/uploads\/2016\/10\/web_logo.jpg\",\"contentUrl\":\"http:\/\/miamipowerteam.org\/wp-content\/uploads\/2016\/10\/web_logo.jpg\",\"width\":488,\"height\":533,\"caption\":\"Miami Power Team Foundation\"},\"image\":{\"@id\":\"https:\/\/miamipowerteam.org\/#\/schema\/logo\/image\/\"},\"sameAs\":[\"https:\/\/www.facebook.com\/MiamiPowerTeamFoundation\/\",\"https:\/\/www.instagram.com\/miamipowerteamfoundation\/\",\"https:\/\/www.youtube.com\/channel\/UC3mNK80FVxOwwMSeD7Ow1_w\"]}]}<\/script>\n<!-- \/ Yoast SEO plugin. -->","yoast_head_json":{"title":"Cont\u00e1ctanos ~ Fundaci\u00f3n Miami Power Team","robots":{"index":"index","follow":"follow","max-snippet":"max-snippet:-1","max-image-preview":"max-image-preview:large","max-video-preview":"max-video-preview:-1"},"canonical":"http:\/\/miamipowerteam.org\/es\/contactanos\/","og_locale":"es_ES","og_type":"article","og_title":"Cont\u00e1ctanos ~ Fundaci\u00f3n Miami Power Team","og_description":"Cont\u00e1ctanos Fundaci\u00f3n Miami Power Team 12595 SW 137 Ave #101 Miami, FL \u2014 33186 Tel\u00e9fonos: (305) 232-3432 (786) 586-9150 Email: ms@miamipowerteam.org Invol\u00facrate\u00a0Hoy \u00a1Ay\u00fadanos a traer esperanzas, sonrisas, y sue\u00f1os a los ni\u00f1os del Miami Power Team!","og_url":"http:\/\/miamipowerteam.org\/es\/contactanos\/","og_site_name":"Fundaci\u00f3n Miami Power Team","article_publisher":"https:\/\/www.facebook.com\/MiamiPowerTeamFoundation\/","article_modified_time":"2016-12-27T21:52:43+00:00","twitter_card":"summary_large_image","twitter_misc":{"Est. reading time":"7 minutes"},"schema":{"@context":"https:\/\/schema.org","@graph":[{"@type":"WebPage","@id":"http:\/\/miamipowerteam.org\/es\/contactanos\/","url":"http:\/\/miamipowerteam.org\/es\/contactanos\/","name":"Cont\u00e1ctanos ~ Fundaci\u00f3n Miami Power Team","isPartOf":{"@id":"https:\/\/miamipowerteam.org\/#website"},"datePublished":"2016-12-22T16:42:04+00:00","dateModified":"2016-12-27T21:52:43+00:00","breadcrumb":{"@id":"http:\/\/miamipowerteam.org\/es\/contactanos\/#breadcrumb"},"inLanguage":"es-ES","potentialAction":[{"@type":"ReadAction","target":["http:\/\/miamipowerteam.org\/es\/contactanos\/"]}]},{"@type":"BreadcrumbList","@id":"http:\/\/miamipowerteam.org\/es\/contactanos\/#breadcrumb","itemListElement":[{"@type":"ListItem","position":1,"name":"Home","item":"http:\/\/miamipowerteam.org\/es\/"},{"@type":"ListItem","position":2,"name":"Cont\u00e1ctanos"}]},{"@type":"WebSite","@id":"https:\/\/miamipowerteam.org\/#website","url":"https:\/\/miamipowerteam.org\/","name":"Fundaci\u00f3n Miami Power Team","description":"Trayendo Esperanzas, Sonrisas, y Sue\u00f1os.","publisher":{"@id":"https:\/\/miamipowerteam.org\/#organization"},"potentialAction":[{"@type":"SearchAction","target":{"@type":"EntryPoint","urlTemplate":"https:\/\/miamipowerteam.org\/?s={search_term_string}"},"query-input":{"@type":"PropertyValueSpecification","valueRequired":true,"valueName":"search_term_string"}}],"inLanguage":"es-ES"},{"@type":"Organization","@id":"https:\/\/miamipowerteam.org\/#organization","name":"Miami Power Team Foundation","url":"https:\/\/miamipowerteam.org\/","logo":{"@type":"ImageObject","inLanguage":"es-ES","@id":"https:\/\/miamipowerteam.org\/#\/schema\/logo\/image\/","url":"http:\/\/miamipowerteam.org\/wp-content\/uploads\/2016\/10\/web_logo.jpg","contentUrl":"http:\/\/miamipowerteam.org\/wp-content\/uploads\/2016\/10\/web_logo.jpg","width":488,"height":533,"caption":"Miami Power Team Foundation"},"image":{"@id":"https:\/\/miamipowerteam.org\/#\/schema\/logo\/image\/"},"sameAs":["https:\/\/www.facebook.com\/MiamiPowerTeamFoundation\/","https:\/\/www.instagram.com\/miamipowerteamfoundation\/","https:\/\/www.youtube.com\/channel\/UC3mNK80FVxOwwMSeD7Ow1_w"]}]}},"_links":{"self":[{"href":"http:\/\/miamipowerteam.org\/es\/wp-json\/wp\/v2\/pages\/1399","targetHints":{"allow":["GET"]}}],"collection":[{"href":"http:\/\/miamipowerteam.org\/es\/wp-json\/wp\/v2\/pages"}],"about":[{"href":"http:\/\/miamipowerteam.org\/es\/wp-json\/wp\/v2\/types\/page"}],"author":[{"embeddable":true,"href":"http:\/\/miamipowerteam.org\/es\/wp-json\/wp\/v2\/users\/1"}],"replies":[{"embeddable":true,"href":"http:\/\/miamipowerteam.org\/es\/wp-json\/wp\/v2\/comments?post=1399"}],"version-history":[{"count":3,"href":"http:\/\/miamipowerteam.org\/es\/wp-json\/wp\/v2\/pages\/1399\/revisions"}],"predecessor-version":[{"id":1468,"href":"http:\/\/miamipowerteam.org\/es\/wp-json\/wp\/v2\/pages\/1399\/revisions\/1468"}],"wp:attachment":[{"href":"http:\/\/miamipowerteam.org\/es\/wp-json\/wp\/v2\/media?parent=1399"}],"curies":[{"name":"wp","href":"https:\/\/api.w.org\/{rel}","templated":true}]}}