{"id":1300,"date":"2016-12-16T16:04:08","date_gmt":"2016-12-16T16:04:08","guid":{"rendered":"http:\/\/miamipowerteam.org\/?page_id=1300\/"},"modified":"2018-03-05T16:45:10","modified_gmt":"2018-03-05T16:45:10","slug":"transparencia","status":"publish","type":"page","link":"http:\/\/miamipowerteam.org\/es\/transparencia\/","title":{"rendered":"501(c)(3)"},"content":{"rendered":"<p>[et_pb_section bb_built=&#8221;1&#8243; admin_label=&#8221;section&#8221; background_color=&#8221;#00abe8&#8243; custom_padding=&#8221;40px|0px|0px|0px&#8221; padding_mobile=&#8221;off&#8221; module_id=&#8221;bluehd&#8221; _builder_version=&#8221;3.0.47&#8243;][et_pb_row admin_label=&#8221;row&#8221; custom_padding=&#8221;50px|0px|0px|0px&#8221; padding_mobile=&#8221;off&#8221; column_padding_mobile=&#8221;on&#8221; _builder_version=&#8221;3.0.47&#8243; background_size=&#8221;initial&#8221; background_position=&#8221;top_left&#8221; background_repeat=&#8221;repeat&#8221;][et_pb_column type=&#8221;4_4&#8243;][et_pb_text admin_label=&#8221;Heading&#8221; background_layout=&#8221;dark&#8221; _builder_version=&#8221;3.0.47&#8243; header_font=&#8221;|on|||&#8221; header_font_size=&#8221;60px&#8221; background_size=&#8221;initial&#8221; background_position=&#8221;top_left&#8221; background_repeat=&#8221;repeat&#8221;]<\/p>\n<h3>Sobre Nosotros\u00a0&gt;<\/h3>\n<p>[\/et_pb_text][\/et_pb_column][\/et_pb_row][et_pb_row admin_label=&#8221;row&#8221; custom_padding=&#8221;0px|0px|25px|0px&#8221; padding_mobile=&#8221;off&#8221; column_padding_mobile=&#8221;on&#8221; _builder_version=&#8221;3.0.47&#8243; background_size=&#8221;initial&#8221; background_position=&#8221;top_left&#8221; background_repeat=&#8221;repeat&#8221;][et_pb_column type=&#8221;3_4&#8243;][et_pb_text admin_label=&#8221;Heading&#8221; background_layout=&#8221;dark&#8221; _builder_version=&#8221;3.0.51&#8243; header_font=&#8221;|on|||&#8221; header_font_size=&#8221;60px&#8221; background_size=&#8221;initial&#8221; background_position=&#8221;top_left&#8221; background_repeat=&#8221;repeat&#8221; text_orientation=&#8221;left&#8221; border_style=&#8221;solid&#8221;]<\/p>\n<h1>501(c)(3)<\/h1>\n<p>[\/et_pb_text][\/et_pb_column][et_pb_column type=&#8221;1_4&#8243;][et_pb_button admin_label=&#8221;Ay\u00fadanos!&#8221; button_url=&#8221;https:\/\/www.paypal.com\/cgi-bin\/webscr?cmd=_s-xclick&amp;hosted_button_id=4DKDY7TL9QHM6&#8243; url_new_window=&#8221;on&#8221; button_text=&#8221;\u00a1Ay\u00fadanos!&#8221; button_alignment=&#8221;center&#8221; background_layout=&#8221;dark&#8221; custom_button=&#8221;on&#8221; button_text_size=&#8221;18&#8243; button_bg_color=&#8221;#b92009&#8243; button_border_width=&#8221;0&#8243; button_font=&#8221;|on||on|&#8221; button_use_icon=&#8221;off&#8221; custom_css_main_element=&#8221;margin-top: 12px;&#8221; global_module=&#8221;1250&#8243; saved_tabs=&#8221;all&#8221; background_color=&#8221;#7EBEC5&#8243; \/][\/et_pb_column][\/et_pb_row][\/et_pb_section][et_pb_section bb_built=&#8221;1&#8243; admin_label=&#8221;section&#8221; background_color=&#8221;#fff0d6&#8243; custom_padding=&#8221;54px|0px|60px|0px&#8221; padding_mobile=&#8221;off&#8221; _builder_version=&#8221;3.0.47&#8243;][et_pb_row admin_label=&#8221;row&#8221; custom_padding=&#8221;27px|0px|0px|0px&#8221; padding_mobile=&#8221;off&#8221; column_padding_mobile=&#8221;on&#8221; _builder_version=&#8221;3.0.47&#8243; background_size=&#8221;initial&#8221; background_position=&#8221;top_left&#8221; background_repeat=&#8221;repeat&#8221;][et_pb_column type=&#8221;1_2&#8243;][et_pb_text admin_label=&#8221;Text&#8221; _builder_version=&#8221;3.0.51&#8243; background_size=&#8221;initial&#8221; background_position=&#8221;top_left&#8221; background_repeat=&#8221;repeat&#8221; background_layout=&#8221;light&#8221; text_orientation=&#8221;left&#8221; border_style=&#8221;solid&#8221;]<\/p>\n<h2><strong>The Miami Power Team Foundation<\/strong><\/h2>\n<p>&nbsp;<\/p>\n<p>En el 2018, el Miami Power Team, cumpli\u00f3 23 a\u00f1os de servicio a la comunidad&nbsp; ayudando a m\u00e1s de 2,500 ni\u00f1os con c\u00e1ncer, autismo, s\u00edndrome de Down, discapacidades f\u00edsicas, visuales y ni\u00f1os con poco tiempo de vida.<\/p>\n<p>La Fundaci\u00f3n Miami Power Team, o el&nbsp;\u201cEquipo de Poder de Miami,&#8221; es una organizaci\u00f3n no lucrativa, 501 (c)(3) dedicada a servir a ni\u00f1os con vida terminal, c\u00e1ncer, autismo, s\u00edndrome de Down, discapacidades f\u00edsicas, y visuales. Sus fundadores y directores no reciben salarios o ning\u00fan tipo de compensaci\u00f3n; trabajan como voluntarios desde el 1995.<\/p>\n<p>&nbsp;<\/p>\n<p>[\/et_pb_text][\/et_pb_column][et_pb_column type=&#8221;1_2&#8243;][et_pb_button admin_label=&#8221;501 c3 Letter Link&#8221; button_url=&#8221;http:\/\/miamipowerteam.org\/wp-content\/uploads\/2016\/12\/MPT-501c3-1.jpg&#8221; url_new_window=&#8221;on&#8221; button_text=&#8221;Carta de certificaci\u00f3n como 501(c)(3)&#8221; button_alignment=&#8221;center&#8221; _builder_version=&#8221;3.0.47&#8243; custom_button=&#8221;on&#8221; button_text_color=&#8221;#00658a&#8221; button_bg_color=&#8221;#ffc644&#8243; button_border_width=&#8221;2px&#8221; button_border_color=&#8221;#ffc644&#8243; button_border_radius=&#8221;3px&#8221; button_font=&#8221;|on|||&#8221; button_use_icon=&#8221;off&#8221; button_bg_color_hover=&#8221;rgba(0,0,0,0)&#8221; button_border_color_hover=&#8221;#00658a&#8221; saved_tabs=&#8221;all&#8221; background_color=&#8221;#7EBEC5&#8243; \/][\/et_pb_column][\/et_pb_row][et_pb_row admin_label=&#8221;row&#8221; custom_padding=&#8221;20.7969px|0px|0px|0px&#8221; _builder_version=&#8221;3.0.47&#8243; background_size=&#8221;initial&#8221; background_position=&#8221;top_left&#8221; background_repeat=&#8221;repeat&#8221;][et_pb_column type=&#8221;4_4&#8243;][et_pb_button admin_label=&#8221;Volver a las Galer\u00edas&#8221; button_url=&#8221;http:\/\/miamipowerteam.org\/es\/sobre-nosotros\/&#8221; button_text=&#8221;Volver a %22Sobre Nosotros%22&#8243; button_alignment=&#8221;center&#8221; _builder_version=&#8221;3.0.47&#8243; custom_button=&#8221;on&#8221; button_text_color=&#8221;#00658a&#8221; button_bg_color=&#8221;#ffc644&#8243; button_border_width=&#8221;2px&#8221; button_border_color=&#8221;#ffc644&#8243; button_border_radius=&#8221;3px&#8221; button_font=&#8221;|on|||&#8221; button_use_icon=&#8221;off&#8221; button_bg_color_hover=&#8221;rgba(0,0,0,0)&#8221; button_border_color_hover=&#8221;#00658a&#8221; saved_tabs=&#8221;all&#8221; background_color=&#8221;#7EBEC5&#8243; \/][\/et_pb_column][\/et_pb_row][\/et_pb_section][et_pb_section bb_built=&#8221;1&#8243; admin_label=&#8221;Section&#8221; background_color=&#8221;#000000&#8243; inner_shadow=&#8221;on&#8221; custom_padding=&#8221;0px|0px|41.59375px|0px&#8221; custom_padding_phone=&#8221;61px|0px|50px|0px&#8221; padding_mobile=&#8221;off&#8221; module_class=&#8221;activities&#8221; global_module=&#8221;879&#8243;][et_pb_row admin_label=&#8221;Row&#8221; global_parent=&#8221;879&#8243; make_fullwidth=&#8221;on&#8221; use_custom_gutter=&#8221;on&#8221; gutter_width=&#8221;1&#8243; custom_padding=&#8221;0px|0px|0px|0px&#8221; custom_padding_phone=&#8221;0px|0px|0px|0px&#8221; padding_mobile=&#8221;off&#8221; column_padding_mobile=&#8221;on&#8221; parallax_method_1=&#8221;off&#8221; background_position=&#8221;top_left&#8221; background_repeat=&#8221;repeat&#8221; background_size=&#8221;initial&#8221;][et_pb_column type=&#8221;4_4&#8243;][et_pb_image admin_label=&#8221;Image&#8221; global_parent=&#8221;879&#8243; src=&#8221;http:\/\/miamipowerteam.org\/wp-content\/uploads\/2016\/10\/mpt_volunteers_prompt.jpg&#8221; animation=&#8221;off&#8221; force_fullwidth=&#8221;on&#8221; background_position=&#8221;top_left&#8221; background_repeat=&#8221;repeat&#8221; background_size=&#8221;initial&#8221; \/][et_pb_text admin_label=&#8221;Invol\u00facrate Hoy&#8221; global_parent=&#8221;879&#8243; background_layout=&#8221;dark&#8221; text_orientation=&#8221;center&#8221; header_font=&#8221;|on|||&#8221;]<\/p>\n<h1>Invol\u00facrate\u00a0Hoy<\/h1>\n<p>[\/et_pb_text][\/et_pb_column][\/et_pb_row][et_pb_row admin_label=&#8221;Row&#8221; global_parent=&#8221;879&#8243; custom_padding_phone=&#8221;0px|0px|0px|0px&#8221; padding_mobile=&#8221;off&#8221; column_padding_mobile=&#8221;on&#8221; background_position=&#8221;top_left&#8221; background_repeat=&#8221;repeat&#8221; background_size=&#8221;initial&#8221;][et_pb_column type=&#8221;4_4&#8243;][et_pb_cta admin_label=&#8221;C\u00f3mo Involucrarse&#8221; global_parent=&#8221;879&#8243; title=&#8221;Convi\u00e9rtete en un \u00c1ngel Guardi\u00e1n, y ay\u00fadanos a alegrar las vidas de los ni\u00f1os del Miami Power Team.&#8221; button_url=&#8221;http:\/\/miamipowerteam.org\/get-involved\/&#8221; button_text=&#8221;C\u00f3mo Involucrarse&#8221; use_background_color=&#8221;off&#8221; header_font_size=&#8221;35px&#8221; custom_button=&#8221;on&#8221; button_font=&#8221;|on||on|&#8221; button_use_icon=&#8221;off&#8221; background_position=&#8221;top_left&#8221; background_repeat=&#8221;repeat&#8221; background_size=&#8221;initial&#8221; \/][\/et_pb_column][\/et_pb_row][\/et_pb_section]<\/p>\n","protected":false},"excerpt":{"rendered":"<p>Sobre Nosotros\u00a0&gt; 501(c)(3) The Miami Power Team Foundation &nbsp; En el 2018, el Miami Power Team, cumpli\u00f3 23 a\u00f1os de servicio a la comunidad&nbsp; ayudando a m\u00e1s de 2,500 ni\u00f1os con c\u00e1ncer, autismo, s\u00edndrome de Down, discapacidades f\u00edsicas, visuales y ni\u00f1os con poco tiempo de vida. La Fundaci\u00f3n Miami Power Team, o el&nbsp;\u201cEquipo de Poder [&hellip;]<\/p>\n","protected":false},"author":1,"featured_media":0,"parent":0,"menu_order":0,"comment_status":"closed","ping_status":"closed","template":"","meta":{"_et_pb_use_builder":"on","_et_pb_old_content":"","_et_gb_content_width":"","footnotes":""},"class_list":["post-1300","page","type-page","status-publish","hentry"],"yoast_head":"<!-- This site is optimized with the Yoast SEO plugin v27.2 - https:\/\/yoast.com\/product\/yoast-seo-wordpress\/ -->\n<title>501(c)(3) ~ Fundaci\u00f3n Miami Power Team<\/title>\n<meta name=\"robots\" content=\"index, follow, max-snippet:-1, max-image-preview:large, max-video-preview:-1\" \/>\n<link rel=\"canonical\" href=\"http:\/\/miamipowerteam.org\/es\/transparencia\/\" \/>\n<meta property=\"og:locale\" content=\"es_ES\" \/>\n<meta property=\"og:type\" content=\"article\" \/>\n<meta property=\"og:title\" content=\"501(c)(3) ~ Fundaci\u00f3n Miami Power Team\" \/>\n<meta property=\"og:description\" content=\"Sobre Nosotros\u00a0&gt; 501(c)(3) The Miami Power Team Foundation &nbsp; En el 2018, el Miami Power Team, cumpli\u00f3 23 a\u00f1os de servicio a la comunidad&nbsp; ayudando a m\u00e1s de 2,500 ni\u00f1os con c\u00e1ncer, autismo, s\u00edndrome de Down, discapacidades f\u00edsicas, visuales y ni\u00f1os con poco tiempo de vida. La Fundaci\u00f3n Miami Power Team, o el&nbsp;\u201cEquipo de Poder [&hellip;]\" \/>\n<meta property=\"og:url\" content=\"http:\/\/miamipowerteam.org\/es\/transparencia\/\" \/>\n<meta property=\"og:site_name\" content=\"Fundaci\u00f3n Miami Power Team\" \/>\n<meta property=\"article:publisher\" content=\"https:\/\/www.facebook.com\/MiamiPowerTeamFoundation\/\" \/>\n<meta property=\"article:modified_time\" content=\"2018-03-05T16:45:10+00:00\" \/>\n<meta name=\"twitter:card\" content=\"summary_large_image\" \/>\n<meta name=\"twitter:label1\" content=\"Est. reading time\" \/>\n\t<meta name=\"twitter:data1\" content=\"5 minutes\" \/>\n<script type=\"application\/ld+json\" class=\"yoast-schema-graph\">{\"@context\":\"https:\/\/schema.org\",\"@graph\":[{\"@type\":\"WebPage\",\"@id\":\"http:\/\/miamipowerteam.org\/es\/transparencia\/\",\"url\":\"http:\/\/miamipowerteam.org\/es\/transparencia\/\",\"name\":\"501(c)(3) ~ Fundaci\u00f3n Miami Power Team\",\"isPartOf\":{\"@id\":\"https:\/\/miamipowerteam.org\/#website\"},\"datePublished\":\"2016-12-16T16:04:08+00:00\",\"dateModified\":\"2018-03-05T16:45:10+00:00\",\"breadcrumb\":{\"@id\":\"http:\/\/miamipowerteam.org\/es\/transparencia\/#breadcrumb\"},\"inLanguage\":\"es-ES\",\"potentialAction\":[{\"@type\":\"ReadAction\",\"target\":[\"http:\/\/miamipowerteam.org\/es\/transparencia\/\"]}]},{\"@type\":\"BreadcrumbList\",\"@id\":\"http:\/\/miamipowerteam.org\/es\/transparencia\/#breadcrumb\",\"itemListElement\":[{\"@type\":\"ListItem\",\"position\":1,\"name\":\"Home\",\"item\":\"http:\/\/miamipowerteam.org\/es\/\"},{\"@type\":\"ListItem\",\"position\":2,\"name\":\"501(c)(3)\"}]},{\"@type\":\"WebSite\",\"@id\":\"https:\/\/miamipowerteam.org\/#website\",\"url\":\"https:\/\/miamipowerteam.org\/\",\"name\":\"Fundaci\u00f3n Miami Power Team\",\"description\":\"Trayendo Esperanzas, Sonrisas, y Sue\u00f1os.\",\"publisher\":{\"@id\":\"https:\/\/miamipowerteam.org\/#organization\"},\"potentialAction\":[{\"@type\":\"SearchAction\",\"target\":{\"@type\":\"EntryPoint\",\"urlTemplate\":\"https:\/\/miamipowerteam.org\/?s={search_term_string}\"},\"query-input\":{\"@type\":\"PropertyValueSpecification\",\"valueRequired\":true,\"valueName\":\"search_term_string\"}}],\"inLanguage\":\"es-ES\"},{\"@type\":\"Organization\",\"@id\":\"https:\/\/miamipowerteam.org\/#organization\",\"name\":\"Miami Power Team Foundation\",\"url\":\"https:\/\/miamipowerteam.org\/\",\"logo\":{\"@type\":\"ImageObject\",\"inLanguage\":\"es-ES\",\"@id\":\"https:\/\/miamipowerteam.org\/#\/schema\/logo\/image\/\",\"url\":\"http:\/\/miamipowerteam.org\/wp-content\/uploads\/2016\/10\/web_logo.jpg\",\"contentUrl\":\"http:\/\/miamipowerteam.org\/wp-content\/uploads\/2016\/10\/web_logo.jpg\",\"width\":488,\"height\":533,\"caption\":\"Miami Power Team Foundation\"},\"image\":{\"@id\":\"https:\/\/miamipowerteam.org\/#\/schema\/logo\/image\/\"},\"sameAs\":[\"https:\/\/www.facebook.com\/MiamiPowerTeamFoundation\/\",\"https:\/\/www.instagram.com\/miamipowerteamfoundation\/\",\"https:\/\/www.youtube.com\/channel\/UC3mNK80FVxOwwMSeD7Ow1_w\"]}]}<\/script>\n<!-- \/ Yoast SEO plugin. -->","yoast_head_json":{"title":"501(c)(3) ~ Fundaci\u00f3n Miami Power Team","robots":{"index":"index","follow":"follow","max-snippet":"max-snippet:-1","max-image-preview":"max-image-preview:large","max-video-preview":"max-video-preview:-1"},"canonical":"http:\/\/miamipowerteam.org\/es\/transparencia\/","og_locale":"es_ES","og_type":"article","og_title":"501(c)(3) ~ Fundaci\u00f3n Miami Power Team","og_description":"Sobre Nosotros\u00a0&gt; 501(c)(3) The Miami Power Team Foundation &nbsp; En el 2018, el Miami Power Team, cumpli\u00f3 23 a\u00f1os de servicio a la comunidad&nbsp; ayudando a m\u00e1s de 2,500 ni\u00f1os con c\u00e1ncer, autismo, s\u00edndrome de Down, discapacidades f\u00edsicas, visuales y ni\u00f1os con poco tiempo de vida. La Fundaci\u00f3n Miami Power Team, o el&nbsp;\u201cEquipo de Poder [&hellip;]","og_url":"http:\/\/miamipowerteam.org\/es\/transparencia\/","og_site_name":"Fundaci\u00f3n Miami Power Team","article_publisher":"https:\/\/www.facebook.com\/MiamiPowerTeamFoundation\/","article_modified_time":"2018-03-05T16:45:10+00:00","twitter_card":"summary_large_image","twitter_misc":{"Est. reading time":"5 minutes"},"schema":{"@context":"https:\/\/schema.org","@graph":[{"@type":"WebPage","@id":"http:\/\/miamipowerteam.org\/es\/transparencia\/","url":"http:\/\/miamipowerteam.org\/es\/transparencia\/","name":"501(c)(3) ~ Fundaci\u00f3n Miami Power Team","isPartOf":{"@id":"https:\/\/miamipowerteam.org\/#website"},"datePublished":"2016-12-16T16:04:08+00:00","dateModified":"2018-03-05T16:45:10+00:00","breadcrumb":{"@id":"http:\/\/miamipowerteam.org\/es\/transparencia\/#breadcrumb"},"inLanguage":"es-ES","potentialAction":[{"@type":"ReadAction","target":["http:\/\/miamipowerteam.org\/es\/transparencia\/"]}]},{"@type":"BreadcrumbList","@id":"http:\/\/miamipowerteam.org\/es\/transparencia\/#breadcrumb","itemListElement":[{"@type":"ListItem","position":1,"name":"Home","item":"http:\/\/miamipowerteam.org\/es\/"},{"@type":"ListItem","position":2,"name":"501(c)(3)"}]},{"@type":"WebSite","@id":"https:\/\/miamipowerteam.org\/#website","url":"https:\/\/miamipowerteam.org\/","name":"Fundaci\u00f3n Miami Power Team","description":"Trayendo Esperanzas, Sonrisas, y Sue\u00f1os.","publisher":{"@id":"https:\/\/miamipowerteam.org\/#organization"},"potentialAction":[{"@type":"SearchAction","target":{"@type":"EntryPoint","urlTemplate":"https:\/\/miamipowerteam.org\/?s={search_term_string}"},"query-input":{"@type":"PropertyValueSpecification","valueRequired":true,"valueName":"search_term_string"}}],"inLanguage":"es-ES"},{"@type":"Organization","@id":"https:\/\/miamipowerteam.org\/#organization","name":"Miami Power Team Foundation","url":"https:\/\/miamipowerteam.org\/","logo":{"@type":"ImageObject","inLanguage":"es-ES","@id":"https:\/\/miamipowerteam.org\/#\/schema\/logo\/image\/","url":"http:\/\/miamipowerteam.org\/wp-content\/uploads\/2016\/10\/web_logo.jpg","contentUrl":"http:\/\/miamipowerteam.org\/wp-content\/uploads\/2016\/10\/web_logo.jpg","width":488,"height":533,"caption":"Miami Power Team Foundation"},"image":{"@id":"https:\/\/miamipowerteam.org\/#\/schema\/logo\/image\/"},"sameAs":["https:\/\/www.facebook.com\/MiamiPowerTeamFoundation\/","https:\/\/www.instagram.com\/miamipowerteamfoundation\/","https:\/\/www.youtube.com\/channel\/UC3mNK80FVxOwwMSeD7Ow1_w"]}]}},"_links":{"self":[{"href":"http:\/\/miamipowerteam.org\/es\/wp-json\/wp\/v2\/pages\/1300","targetHints":{"allow":["GET"]}}],"collection":[{"href":"http:\/\/miamipowerteam.org\/es\/wp-json\/wp\/v2\/pages"}],"about":[{"href":"http:\/\/miamipowerteam.org\/es\/wp-json\/wp\/v2\/types\/page"}],"author":[{"embeddable":true,"href":"http:\/\/miamipowerteam.org\/es\/wp-json\/wp\/v2\/users\/1"}],"replies":[{"embeddable":true,"href":"http:\/\/miamipowerteam.org\/es\/wp-json\/wp\/v2\/comments?post=1300"}],"version-history":[{"count":12,"href":"http:\/\/miamipowerteam.org\/es\/wp-json\/wp\/v2\/pages\/1300\/revisions"}],"predecessor-version":[{"id":2165,"href":"http:\/\/miamipowerteam.org\/es\/wp-json\/wp\/v2\/pages\/1300\/revisions\/2165"}],"wp:attachment":[{"href":"http:\/\/miamipowerteam.org\/es\/wp-json\/wp\/v2\/media?parent=1300"}],"curies":[{"name":"wp","href":"https:\/\/api.w.org\/{rel}","templated":true}]}}