{"id":1268,"date":"2016-11-08T12:52:56","date_gmt":"2016-11-08T12:52:56","guid":{"rendered":"http:\/\/miamipowerteam.org\/sobre-nosotros\/strategic\/"},"modified":"2017-05-23T19:05:25","modified_gmt":"2017-05-23T19:05:25","slug":"plan","status":"publish","type":"page","link":"http:\/\/miamipowerteam.org\/es\/sobre-nosotros-2\/plan\/","title":{"rendered":"Plan Estrat\u00e9gico"},"content":{"rendered":"<p>[et_pb_section fb_built=&#8221;1&#8243; background_color=&#8221;#00abe8&#8243; custom_padding=&#8221;40px|0px|0px|0px&#8221; padding_mobile=&#8221;off&#8221; admin_label=&#8221;section&#8221; module_id=&#8221;bluehd&#8221;][et_pb_row custom_padding=&#8221;50px|0px|0px|0px&#8221; padding_mobile=&#8221;off&#8221; column_padding_mobile=&#8221;on&#8221; admin_label=&#8221;row&#8221;][et_pb_column type=&#8221;4_4&#8243; parallax=&#8221;off&#8221; parallax_method=&#8221;on&#8221; column_padding_mobile=&#8221;on&#8221;][et_pb_text background_layout=&#8221;dark&#8221; admin_label=&#8221;Heading&#8221; header_font=&#8221;|on|||&#8221; header_font_size=&#8221;60px&#8221;]<\/p>\n<h3>Sobre Nosotros\u00a0><\/h3>\n<p>[\/et_pb_text][\/et_pb_column][\/et_pb_row][et_pb_row custom_padding=&#8221;0px|0px|25px|0px&#8221; padding_mobile=&#8221;off&#8221; column_padding_mobile=&#8221;on&#8221; admin_label=&#8221;row&#8221;][et_pb_column type=&#8221;3_4&#8243; parallax=&#8221;off&#8221; parallax_method=&#8221;on&#8221; column_padding_mobile=&#8221;on&#8221;][et_pb_text background_layout=&#8221;dark&#8221; admin_label=&#8221;Heading&#8221; header_font=&#8221;|on|||&#8221; header_font_size=&#8221;60px&#8221;]<\/p>\n<h1>Plan Estrat\u00e9gico<\/h1>\n<p>[\/et_pb_text][\/et_pb_column][et_pb_column type=&#8221;1_4&#8243; parallax=&#8221;off&#8221; parallax_method=&#8221;on&#8221; column_padding_mobile=&#8221;on&#8221;][et_pb_button button_url=&#8221;https:\/\/www.paypal.com\/cgi-bin\/webscr?cmd=_s-xclick&#038;hosted_button_id=4DKDY7TL9QHM6&#8243; url_new_window=&#8221;on&#8221; button_text=&#8221;\u00a1Ay\u00fadanos!&#8221; button_alignment=&#8221;center&#8221; background_layout=&#8221;dark&#8221; admin_label=&#8221;Ay\u00fadanos!&#8221; custom_button=&#8221;on&#8221; button_text_size=&#8221;18&#8243; button_bg_color=&#8221;#b92009&#8243; button_border_width=&#8221;0&#8243; button_font=&#8221;|on||on|&#8221; button_use_icon=&#8221;off&#8221; custom_css_main_element=&#8221;margin-top: 12px;&#8221; global_module=&#8221;1250&#8243; saved_tabs=&#8221;all&#8221; background_color=&#8221;#7EBEC5&#8243;][\/et_pb_button][\/et_pb_column][\/et_pb_row][\/et_pb_section][et_pb_section fb_built=&#8221;1&#8243; background_color=&#8221;#fff0d6&#8243; padding_mobile=&#8221;off&#8221; admin_label=&#8221;section&#8221; module_class=&#8221;mainbody&#8221;][et_pb_row custom_padding=&#8221;27px|0px|0px|0px&#8221; padding_mobile=&#8221;off&#8221; column_padding_mobile=&#8221;on&#8221; admin_label=&#8221;row&#8221;][et_pb_column type=&#8221;1_2&#8243; parallax=&#8221;off&#8221; parallax_method=&#8221;on&#8221; column_padding_mobile=&#8221;on&#8221;][et_pb_text admin_label=&#8221;Description&#8221;]<\/p>\n<h2>Descripci\u00f3n:<\/h2>\n<p>El Miami Power Team Foundation, Inc. es una organizaci\u00f3n 501(c)(3) sin fines de lucro, que desde el 1995 est\u00e1 dedicada a la noble causa de ofrecer esperanzas extendiendo una mano amiga a ni\u00f1os con enfermedades terminales, c\u00e1ncer, autismo, s\u00edndrome de Down, y otras discapacidades f\u00edsicas y visuales.<\/p>\n<h3>Visi\u00f3n:<\/h3>\n<p>El Miami Power Team Foundation, Inc. se esfuerza por fomentar y elevar el verdadero esp\u00edritu humano para que los ni\u00f1os con discapacidades y con vida terminal, pueden olvidar sus limitaciones f\u00edsicas y alcanzar su m\u00e1ximo potencial. Ayudando al ni\u00f1o, nos esforzamos para que los padres logren tener un momento de sosiego en su dif\u00edcil diario vivir. Tambi\u00e9n, nos esforzamos por contribuir al crecimiento emocional, mental y espiritual de nuestros voluntarios.<\/p>\n<h3>Misi\u00f3n:<\/h3>\n<ul>\n<li>Asegurarnos que los ni\u00f1os especiales atendidos por el Miami Power Team, se sientan aceptados e incluidos en la sociedad que todos compartimos, sin sentirse diferentes.<\/li>\n<li>Proporcionarles \u00a0a los ni\u00f1os recuerdos gratos y duraderos que se mantendr\u00e1n en sus mentes durante el resto de sus vidas, participando en actividades divertidas que anteriormente hab\u00edan sido imposible lograr, debido a sus discapacidades.<\/li>\n<li>Lograr que los sue\u00f1os de los ni\u00f1os se conviertan en realidad mediante la eliminaci\u00f3n de los obst\u00e1culos que impiden la realizaci\u00f3n de sus sue\u00f1os.<\/li>\n<li>Brindar a los ni\u00f1os del Miami Power Team un motivo para ser felices y conquistar sus sue\u00f1os.<\/li>\n<li>Ayudar a los ni\u00f1os con enfermedades terminales que luchan con graves problemas de salud, y que sobreviven cada d\u00eda, la oportunidad de ser felices al menos por unas horas. El Miami Power Team Foundation, asegura que los ni\u00f1os con discapacidades y enfermedades terminales tengan una oportunidad justa en la vida. Nuestra causa tambi\u00e9n transforma la vida de nuestros voluntarios ayud\u00e1ndoles \u00a0a ser mejores ciudadanos. Una parte importante de nuestra causa, consiste en difundir y concientizar al p\u00fablico, para que apoyen a los ni\u00f1os con discapacidades.<\/li>\n<\/ul>\n<h3>Objetivos:<\/h3>\n<p>Damos prioridad a convertir los sue\u00f1os de los ni\u00f1os que est\u00e1n enfermos terminales, y los ni\u00f1os con discapacidades, en una realidad. Que al menos durante unas horas, cada fin de semana, sus sue\u00f1os se conviertan realidad a trav\u00e9s de eventos tales como fiestas de cumplea\u00f1os, entrega de juguetes en Navidad, cena de Acci\u00f3n de Gracias; actividades como patinar, paseos en barco, pesca, pintura, montar caballo, jugar con animales, un d\u00eda en el campo, buscar amigos, arte y manualidades; juegos y deportes como karate, pelota, tenis, basquetbol, y otros. Las actividades se llevan a cabo mediante la combinaci\u00f3n de ni\u00f1os con necesidades especiales ayudados por voluntarios, muchos de los cuales son j\u00f3venes que realizan horas comunitarias los fines de semana, cada mes, incluyendo los d\u00edas festivos. La oportunidad que se les brinda a los voluntarios les ayuda a desarrollar valores humanos y ser ciudadanos responsables, comprometidos a ser mejores individuos con una visi\u00f3n de la vida m\u00e1s profunda e inspiradora.<\/p>\n<p>[\/et_pb_text][\/et_pb_column][et_pb_column type=&#8221;1_2&#8243; parallax=&#8221;off&#8221; parallax_method=&#8221;on&#8221; column_padding_mobile=&#8221;on&#8221;][et_pb_image src=&#8221;http:\/\/miamipowerteam.org\/wp-content\/uploads\/2016\/10\/mpt_painting.jpg&#8221; alt=&#8221;MPT Team Paint Workshop&#8221; animation=&#8221;off&#8221; max_width=&#8221;450px&#8221; admin_label=&#8221;Painting&#8221; custom_margin_last_edited=&#8221;off|desktop&#8221;][\/et_pb_image][\/et_pb_column][\/et_pb_row][et_pb_row custom_padding=&#8221;27px|0px|0px|0px&#8221; padding_mobile=&#8221;off&#8221; column_padding_mobile=&#8221;on&#8221; admin_label=&#8221;row&#8221;][et_pb_column type=&#8221;4_4&#8243; parallax=&#8221;off&#8221; parallax_method=&#8221;on&#8221; column_padding_mobile=&#8221;on&#8221;][et_pb_button button_url=&#8221;http:\/\/miamipowerteam.org\/es\/sobre-nosotros\/&#8221; button_text=&#8221;Volver a %22Sobre Nosotros%22&#8243; button_alignment=&#8221;center&#8221; admin_label=&#8221;Button&#8221; custom_button=&#8221;on&#8221; button_text_color=&#8221;#00658a&#8221; button_bg_color=&#8221;#ffc644&#8243; button_border_width=&#8221;2px&#8221; button_border_color=&#8221;#ffc644&#8243; button_border_radius=&#8221;3px&#8221; button_font=&#8221;|on|||&#8221; button_use_icon=&#8221;off&#8221; button_bg_color_hover=&#8221;rgba(0,0,0,0)&#8221; button_border_color_hover=&#8221;#00658a&#8221; background_color=&#8221;#7EBEC5&#8243;][\/et_pb_button][\/et_pb_column][\/et_pb_row][\/et_pb_section][et_pb_section fb_built=&#8221;1&#8243; background_color=&#8221;#000000&#8243; inner_shadow=&#8221;on&#8221; custom_padding=&#8221;0px|0px|41.59375px|0px&#8221; custom_padding_phone=&#8221;61px|0px|50px|0px&#8221; padding_mobile=&#8221;off&#8221; admin_label=&#8221;Section&#8221; module_class=&#8221;activities&#8221; global_module=&#8221;879&#8243;][et_pb_row make_fullwidth=&#8221;on&#8221; use_custom_gutter=&#8221;on&#8221; gutter_width=&#8221;1&#8243; custom_padding=&#8221;0px|0px|0px|0px&#8221; custom_padding_phone=&#8221;0px|0px|0px|0px&#8221; padding_mobile=&#8221;off&#8221; column_padding_mobile=&#8221;on&#8221; parallax_method_1=&#8221;off&#8221; admin_label=&#8221;Row&#8221;][et_pb_column type=&#8221;4_4&#8243; parallax=&#8221;off&#8221; parallax_method=&#8221;off&#8221; column_padding_mobile=&#8221;on&#8221;][et_pb_image src=&#8221;http:\/\/miamipowerteam.org\/wp-content\/uploads\/2016\/10\/mpt_volunteers_prompt.jpg&#8221; animation=&#8221;off&#8221; force_fullwidth=&#8221;on&#8221; admin_label=&#8221;Image&#8221;][\/et_pb_image][et_pb_text background_layout=&#8221;dark&#8221; text_orientation=&#8221;center&#8221; admin_label=&#8221;Invol\u00facrate Hoy&#8221; header_font=&#8221;|on|||&#8221;]<\/p>\n<h1>Invol\u00facrate\u00a0Hoy<\/h1>\n<p>[\/et_pb_text][\/et_pb_column][\/et_pb_row][et_pb_row custom_padding_phone=&#8221;0px|0px|0px|0px&#8221; padding_mobile=&#8221;off&#8221; column_padding_mobile=&#8221;on&#8221; admin_label=&#8221;Row&#8221;][et_pb_column type=&#8221;4_4&#8243; parallax=&#8221;off&#8221; parallax_method=&#8221;on&#8221; column_padding_mobile=&#8221;on&#8221;][et_pb_cta title=&#8221;Convi\u00e9rtete en un \u00c1ngel Guardi\u00e1n, y ay\u00fadanos a alegrar las vidas de los ni\u00f1os del Miami Power Team.&#8221; button_url=&#8221;http:\/\/miamipowerteam.org\/get-involved\/&#8221; button_text=&#8221;C\u00f3mo Involucrarse&#8221; use_background_color=&#8221;off&#8221; admin_label=&#8221;C\u00f3mo Involucrarse&#8221; header_font_size=&#8221;35px&#8221; custom_button=&#8221;on&#8221; button_font=&#8221;|on||on|&#8221; button_use_icon=&#8221;off&#8221;][\/et_pb_cta][\/et_pb_column][\/et_pb_row][\/et_pb_section]<\/p>\n","protected":false},"excerpt":{"rendered":"<p>Sobre Nosotros\u00a0> Plan Estrat\u00e9gico Descripci\u00f3n: El Miami Power Team Foundation, Inc. es una organizaci\u00f3n 501(c)(3) sin fines de lucro, que desde el 1995 est\u00e1 dedicada a la noble causa de ofrecer esperanzas extendiendo una mano amiga a ni\u00f1os con enfermedades terminales, c\u00e1ncer, autismo, s\u00edndrome de Down, y otras discapacidades f\u00edsicas y visuales. Visi\u00f3n: El Miami [&hellip;]<\/p>\n","protected":false},"author":1,"featured_media":0,"parent":1252,"menu_order":0,"comment_status":"closed","ping_status":"closed","template":"","meta":{"_et_pb_use_builder":"on","_et_pb_old_content":"","_et_gb_content_width":"","footnotes":""},"class_list":["post-1268","page","type-page","status-publish","hentry"],"yoast_head":"<!-- This site is optimized with the Yoast SEO plugin v27.2 - https:\/\/yoast.com\/product\/yoast-seo-wordpress\/ -->\n<title>Plan Estrat\u00e9gico ~ Fundaci\u00f3n Miami Power Team<\/title>\n<meta name=\"robots\" content=\"index, follow, max-snippet:-1, max-image-preview:large, max-video-preview:-1\" \/>\n<link rel=\"canonical\" href=\"http:\/\/miamipowerteam.org\/es\/sobre-nosotros-2\/plan\/\" \/>\n<meta property=\"og:locale\" content=\"es_ES\" \/>\n<meta property=\"og:type\" content=\"article\" \/>\n<meta property=\"og:title\" content=\"Plan Estrat\u00e9gico ~ Fundaci\u00f3n Miami Power Team\" \/>\n<meta property=\"og:description\" content=\"Sobre Nosotros\u00a0&gt; Plan Estrat\u00e9gico Descripci\u00f3n: El Miami Power Team Foundation, Inc. es una organizaci\u00f3n 501(c)(3) sin fines de lucro, que desde el 1995 est\u00e1 dedicada a la noble causa de ofrecer esperanzas extendiendo una mano amiga a ni\u00f1os con enfermedades terminales, c\u00e1ncer, autismo, s\u00edndrome de Down, y otras discapacidades f\u00edsicas y visuales. Visi\u00f3n: El Miami [&hellip;]\" \/>\n<meta property=\"og:url\" content=\"http:\/\/miamipowerteam.org\/es\/sobre-nosotros-2\/plan\/\" \/>\n<meta property=\"og:site_name\" content=\"Fundaci\u00f3n Miami Power Team\" \/>\n<meta property=\"article:publisher\" content=\"https:\/\/www.facebook.com\/MiamiPowerTeamFoundation\/\" \/>\n<meta property=\"article:modified_time\" content=\"2017-05-23T19:05:25+00:00\" \/>\n<meta name=\"twitter:card\" content=\"summary_large_image\" \/>\n<meta name=\"twitter:label1\" content=\"Est. reading time\" \/>\n\t<meta name=\"twitter:data1\" content=\"6 minutes\" \/>\n<script type=\"application\/ld+json\" class=\"yoast-schema-graph\">{\"@context\":\"https:\/\/schema.org\",\"@graph\":[{\"@type\":\"WebPage\",\"@id\":\"http:\/\/miamipowerteam.org\/es\/sobre-nosotros-2\/plan\/\",\"url\":\"http:\/\/miamipowerteam.org\/es\/sobre-nosotros-2\/plan\/\",\"name\":\"Plan Estrat\u00e9gico ~ Fundaci\u00f3n Miami Power Team\",\"isPartOf\":{\"@id\":\"https:\/\/miamipowerteam.org\/#website\"},\"datePublished\":\"2016-11-08T12:52:56+00:00\",\"dateModified\":\"2017-05-23T19:05:25+00:00\",\"breadcrumb\":{\"@id\":\"http:\/\/miamipowerteam.org\/es\/sobre-nosotros-2\/plan\/#breadcrumb\"},\"inLanguage\":\"es-ES\",\"potentialAction\":[{\"@type\":\"ReadAction\",\"target\":[\"http:\/\/miamipowerteam.org\/es\/sobre-nosotros-2\/plan\/\"]}]},{\"@type\":\"BreadcrumbList\",\"@id\":\"http:\/\/miamipowerteam.org\/es\/sobre-nosotros-2\/plan\/#breadcrumb\",\"itemListElement\":[{\"@type\":\"ListItem\",\"position\":1,\"name\":\"Home\",\"item\":\"http:\/\/miamipowerteam.org\/es\/\"},{\"@type\":\"ListItem\",\"position\":2,\"name\":\"Sobre Nosotros\",\"item\":\"http:\/\/miamipowerteam.org\/es\/?page_id=1252\"},{\"@type\":\"ListItem\",\"position\":3,\"name\":\"Plan Estrat\u00e9gico\"}]},{\"@type\":\"WebSite\",\"@id\":\"https:\/\/miamipowerteam.org\/#website\",\"url\":\"https:\/\/miamipowerteam.org\/\",\"name\":\"Fundaci\u00f3n Miami Power Team\",\"description\":\"Trayendo Esperanzas, Sonrisas, y Sue\u00f1os.\",\"publisher\":{\"@id\":\"https:\/\/miamipowerteam.org\/#organization\"},\"potentialAction\":[{\"@type\":\"SearchAction\",\"target\":{\"@type\":\"EntryPoint\",\"urlTemplate\":\"https:\/\/miamipowerteam.org\/?s={search_term_string}\"},\"query-input\":{\"@type\":\"PropertyValueSpecification\",\"valueRequired\":true,\"valueName\":\"search_term_string\"}}],\"inLanguage\":\"es-ES\"},{\"@type\":\"Organization\",\"@id\":\"https:\/\/miamipowerteam.org\/#organization\",\"name\":\"Miami Power Team Foundation\",\"url\":\"https:\/\/miamipowerteam.org\/\",\"logo\":{\"@type\":\"ImageObject\",\"inLanguage\":\"es-ES\",\"@id\":\"https:\/\/miamipowerteam.org\/#\/schema\/logo\/image\/\",\"url\":\"http:\/\/miamipowerteam.org\/wp-content\/uploads\/2016\/10\/web_logo.jpg\",\"contentUrl\":\"http:\/\/miamipowerteam.org\/wp-content\/uploads\/2016\/10\/web_logo.jpg\",\"width\":488,\"height\":533,\"caption\":\"Miami Power Team Foundation\"},\"image\":{\"@id\":\"https:\/\/miamipowerteam.org\/#\/schema\/logo\/image\/\"},\"sameAs\":[\"https:\/\/www.facebook.com\/MiamiPowerTeamFoundation\/\",\"https:\/\/www.instagram.com\/miamipowerteamfoundation\/\",\"https:\/\/www.youtube.com\/channel\/UC3mNK80FVxOwwMSeD7Ow1_w\"]}]}<\/script>\n<!-- \/ Yoast SEO plugin. -->","yoast_head_json":{"title":"Plan Estrat\u00e9gico ~ Fundaci\u00f3n Miami Power Team","robots":{"index":"index","follow":"follow","max-snippet":"max-snippet:-1","max-image-preview":"max-image-preview:large","max-video-preview":"max-video-preview:-1"},"canonical":"http:\/\/miamipowerteam.org\/es\/sobre-nosotros-2\/plan\/","og_locale":"es_ES","og_type":"article","og_title":"Plan Estrat\u00e9gico ~ Fundaci\u00f3n Miami Power Team","og_description":"Sobre Nosotros\u00a0> Plan Estrat\u00e9gico Descripci\u00f3n: El Miami Power Team Foundation, Inc. es una organizaci\u00f3n 501(c)(3) sin fines de lucro, que desde el 1995 est\u00e1 dedicada a la noble causa de ofrecer esperanzas extendiendo una mano amiga a ni\u00f1os con enfermedades terminales, c\u00e1ncer, autismo, s\u00edndrome de Down, y otras discapacidades f\u00edsicas y visuales. Visi\u00f3n: El Miami [&hellip;]","og_url":"http:\/\/miamipowerteam.org\/es\/sobre-nosotros-2\/plan\/","og_site_name":"Fundaci\u00f3n Miami Power Team","article_publisher":"https:\/\/www.facebook.com\/MiamiPowerTeamFoundation\/","article_modified_time":"2017-05-23T19:05:25+00:00","twitter_card":"summary_large_image","twitter_misc":{"Est. reading time":"6 minutes"},"schema":{"@context":"https:\/\/schema.org","@graph":[{"@type":"WebPage","@id":"http:\/\/miamipowerteam.org\/es\/sobre-nosotros-2\/plan\/","url":"http:\/\/miamipowerteam.org\/es\/sobre-nosotros-2\/plan\/","name":"Plan Estrat\u00e9gico ~ Fundaci\u00f3n Miami Power Team","isPartOf":{"@id":"https:\/\/miamipowerteam.org\/#website"},"datePublished":"2016-11-08T12:52:56+00:00","dateModified":"2017-05-23T19:05:25+00:00","breadcrumb":{"@id":"http:\/\/miamipowerteam.org\/es\/sobre-nosotros-2\/plan\/#breadcrumb"},"inLanguage":"es-ES","potentialAction":[{"@type":"ReadAction","target":["http:\/\/miamipowerteam.org\/es\/sobre-nosotros-2\/plan\/"]}]},{"@type":"BreadcrumbList","@id":"http:\/\/miamipowerteam.org\/es\/sobre-nosotros-2\/plan\/#breadcrumb","itemListElement":[{"@type":"ListItem","position":1,"name":"Home","item":"http:\/\/miamipowerteam.org\/es\/"},{"@type":"ListItem","position":2,"name":"Sobre Nosotros","item":"http:\/\/miamipowerteam.org\/es\/?page_id=1252"},{"@type":"ListItem","position":3,"name":"Plan Estrat\u00e9gico"}]},{"@type":"WebSite","@id":"https:\/\/miamipowerteam.org\/#website","url":"https:\/\/miamipowerteam.org\/","name":"Fundaci\u00f3n Miami Power Team","description":"Trayendo Esperanzas, Sonrisas, y Sue\u00f1os.","publisher":{"@id":"https:\/\/miamipowerteam.org\/#organization"},"potentialAction":[{"@type":"SearchAction","target":{"@type":"EntryPoint","urlTemplate":"https:\/\/miamipowerteam.org\/?s={search_term_string}"},"query-input":{"@type":"PropertyValueSpecification","valueRequired":true,"valueName":"search_term_string"}}],"inLanguage":"es-ES"},{"@type":"Organization","@id":"https:\/\/miamipowerteam.org\/#organization","name":"Miami Power Team Foundation","url":"https:\/\/miamipowerteam.org\/","logo":{"@type":"ImageObject","inLanguage":"es-ES","@id":"https:\/\/miamipowerteam.org\/#\/schema\/logo\/image\/","url":"http:\/\/miamipowerteam.org\/wp-content\/uploads\/2016\/10\/web_logo.jpg","contentUrl":"http:\/\/miamipowerteam.org\/wp-content\/uploads\/2016\/10\/web_logo.jpg","width":488,"height":533,"caption":"Miami Power Team Foundation"},"image":{"@id":"https:\/\/miamipowerteam.org\/#\/schema\/logo\/image\/"},"sameAs":["https:\/\/www.facebook.com\/MiamiPowerTeamFoundation\/","https:\/\/www.instagram.com\/miamipowerteamfoundation\/","https:\/\/www.youtube.com\/channel\/UC3mNK80FVxOwwMSeD7Ow1_w"]}]}},"_links":{"self":[{"href":"http:\/\/miamipowerteam.org\/es\/wp-json\/wp\/v2\/pages\/1268","targetHints":{"allow":["GET"]}}],"collection":[{"href":"http:\/\/miamipowerteam.org\/es\/wp-json\/wp\/v2\/pages"}],"about":[{"href":"http:\/\/miamipowerteam.org\/es\/wp-json\/wp\/v2\/types\/page"}],"author":[{"embeddable":true,"href":"http:\/\/miamipowerteam.org\/es\/wp-json\/wp\/v2\/users\/1"}],"replies":[{"embeddable":true,"href":"http:\/\/miamipowerteam.org\/es\/wp-json\/wp\/v2\/comments?post=1268"}],"version-history":[{"count":8,"href":"http:\/\/miamipowerteam.org\/es\/wp-json\/wp\/v2\/pages\/1268\/revisions"}],"predecessor-version":[{"id":1840,"href":"http:\/\/miamipowerteam.org\/es\/wp-json\/wp\/v2\/pages\/1268\/revisions\/1840"}],"up":[{"embeddable":true,"href":"http:\/\/miamipowerteam.org\/es\/wp-json\/wp\/v2\/pages\/1252"}],"wp:attachment":[{"href":"http:\/\/miamipowerteam.org\/es\/wp-json\/wp\/v2\/media?parent=1268"}],"curies":[{"name":"wp","href":"https:\/\/api.w.org\/{rel}","templated":true}]}}